{"id":953,"date":"2022-06-01T16:15:37","date_gmt":"2022-06-01T13:15:37","guid":{"rendered":"https:\/\/balilight.lt\/?post_type=product&#038;p=953"},"modified":"2023-03-07T08:30:49","modified_gmt":"2023-03-07T06:30:49","slug":"keramikos-vaza","status":"publish","type":"product","link":"https:\/\/balilight.lt\/?product=keramikos-vaza","title":{"rendered":"Keramikos vaza"},"content":{"rendered":"<p>Spalvos ruda ir balta, keramikin\u0117s vazos pagamintos Balyje, labai dailiai nuda\u017eytos ir blukintos spalvos.<\/p>\n<p>Auk\u0161tis 100 cm, skersmuo &#8222;per gerkl\u0117&#8221; 15 cm.<\/p>\n","protected":false},"excerpt":{"rendered":"<p>Spalvos ruda ir balta, keramikin\u0117s vazos pagamintos Balyje, labai dailiai nuda\u017eytos ir blukintos spalvos. Auk\u0161tis 100 cm, skersmuo &#8222;per gerkl\u0117&#8221; 15 cm.<\/p>\n","protected":false},"featured_media":955,"template":"","meta":[],"product_brand":[],"product_cat":[33,29,46],"product_tag":[],"class_list":{"0":"post-953","1":"product","2":"type-product","3":"status-publish","4":"has-post-thumbnail","6":"product_cat-dekoro-detales","7":"product_cat-interjero-detales","8":"product_cat-ispardavimai","10":"first","11":"instock","12":"sale","13":"taxable","14":"shipping-taxable","15":"purchasable","16":"product-type-variable"},"_links":{"self":[{"href":"https:\/\/balilight.lt\/index.php?rest_route=\/wp\/v2\/product\/953","targetHints":{"allow":["GET"]}}],"collection":[{"href":"https:\/\/balilight.lt\/index.php?rest_route=\/wp\/v2\/product"}],"about":[{"href":"https:\/\/balilight.lt\/index.php?rest_route=\/wp\/v2\/types\/product"}],"wp:featuredmedia":[{"embeddable":true,"href":"https:\/\/balilight.lt\/index.php?rest_route=\/wp\/v2\/media\/955"}],"wp:attachment":[{"href":"https:\/\/balilight.lt\/index.php?rest_route=%2Fwp%2Fv2%2Fmedia&parent=953"}],"wp:term":[{"taxonomy":"product_brand","embeddable":true,"href":"https:\/\/balilight.lt\/index.php?rest_route=%2Fwp%2Fv2%2Fproduct_brand&post=953"},{"taxonomy":"product_cat","embeddable":true,"href":"https:\/\/balilight.lt\/index.php?rest_route=%2Fwp%2Fv2%2Fproduct_cat&post=953"},{"taxonomy":"product_tag","embeddable":true,"href":"https:\/\/balilight.lt\/index.php?rest_route=%2Fwp%2Fv2%2Fproduct_tag&post=953"}],"curies":[{"name":"wp","href":"https:\/\/api.w.org\/{rel}","templated":true}]}}