{"id":928,"date":"2022-06-01T12:53:16","date_gmt":"2022-06-01T09:53:16","guid":{"rendered":"https:\/\/balilight.lt\/?post_type=product&#038;p=928"},"modified":"2026-01-19T22:36:13","modified_gmt":"2026-01-19T20:36:13","slug":"suar-medzio-staliukas","status":"publish","type":"product","link":"https:\/\/balilight.lt\/?product=suar-medzio-staliukas","title":{"rendered":"Suar med\u017eio staliukas"},"content":{"rendered":"<p>Suar med\u017eio staliukas \/ suoliukas. Kiekvienas j\u0173 yra uniklaus, \u0161iek tiek skirtingas d\u0117l med\u017eio strukt\u016bros.<\/p>\n<p>Spalvos: ruda, nat\u016brali ir juoda.<br \/>\nSkersmuo 40 cm, auk\u0161tis 46 cm<br \/>\nSvoris\u00a0 apie 35 kg<\/p>\n","protected":false},"excerpt":{"rendered":"<p>Suar med\u017eio staliukas \/ suoliukas. Kiekvienas j\u0173 yra uniklaus, \u0161iek tiek skirtingas d\u0117l med\u017eio strukt\u016bros. Spalvos: ruda, nat\u016brali ir juoda. Skersmuo 40 cm, auk\u0161tis&#8230;<\/p>\n","protected":false},"featured_media":1273,"template":"","meta":[],"product_brand":[],"product_cat":[26,38],"product_tag":[],"class_list":{"0":"post-928","1":"product","2":"type-product","3":"status-publish","4":"has-post-thumbnail","6":"product_cat-bali-baldai-tikmedzio","7":"product_cat-staliukai-ir-spinteles-naktines","9":"first","10":"instock","11":"taxable","12":"shipping-taxable","13":"purchasable","14":"product-type-variable"},"_links":{"self":[{"href":"https:\/\/balilight.lt\/index.php?rest_route=\/wp\/v2\/product\/928","targetHints":{"allow":["GET"]}}],"collection":[{"href":"https:\/\/balilight.lt\/index.php?rest_route=\/wp\/v2\/product"}],"about":[{"href":"https:\/\/balilight.lt\/index.php?rest_route=\/wp\/v2\/types\/product"}],"wp:featuredmedia":[{"embeddable":true,"href":"https:\/\/balilight.lt\/index.php?rest_route=\/wp\/v2\/media\/1273"}],"wp:attachment":[{"href":"https:\/\/balilight.lt\/index.php?rest_route=%2Fwp%2Fv2%2Fmedia&parent=928"}],"wp:term":[{"taxonomy":"product_brand","embeddable":true,"href":"https:\/\/balilight.lt\/index.php?rest_route=%2Fwp%2Fv2%2Fproduct_brand&post=928"},{"taxonomy":"product_cat","embeddable":true,"href":"https:\/\/balilight.lt\/index.php?rest_route=%2Fwp%2Fv2%2Fproduct_cat&post=928"},{"taxonomy":"product_tag","embeddable":true,"href":"https:\/\/balilight.lt\/index.php?rest_route=%2Fwp%2Fv2%2Fproduct_tag&post=928"}],"curies":[{"name":"wp","href":"https:\/\/api.w.org\/{rel}","templated":true}]}}