{"id":904,"date":"2022-05-26T18:41:42","date_gmt":"2022-05-26T15:41:42","guid":{"rendered":"https:\/\/balilight.lt\/?post_type=product&#038;p=904"},"modified":"2026-01-22T19:47:25","modified_gmt":"2026-01-22T17:47:25","slug":"tikmedzio-ir-ratano-poilsio-kreslas","status":"publish","type":"product","link":"https:\/\/balilight.lt\/?product=tikmedzio-ir-ratano-poilsio-kreslas","title":{"rendered":"Tikmed\u017eio ir ratano poilsio kr\u0117slas"},"content":{"rendered":"<p>Solidus ir labai gra\u017eus nat\u016bralaus tikmed\u017eio ir ratano poilsio kr\u0117slas.<br \/>\npatogus s\u0117d\u0117jimas ir \u0161iuolaiki\u0161kas dizainas.<\/p>\n<p>Aukstis su atlo\u0161u 81 cm, auk\u0161tis s\u0117dimos dalies 36 cm, s\u0117dimos dalies ilgis 55 cm, s\u0117dimos dalies plotis 55cm<\/p>\n","protected":false},"excerpt":{"rendered":"<p>Solidus ir labai gra\u017eus nat\u016bralaus tikmed\u017eio ir ratano poilsio kr\u0117slas. patogus s\u0117d\u0117jimas ir \u0161iuolaiki\u0161kas dizainas. Aukstis su atlo\u0161u 81 cm, auk\u0161tis s\u0117dimos dalies 36&#8230;<\/p>\n","protected":false},"featured_media":905,"template":"","meta":[],"product_brand":[],"product_cat":[46,28],"product_tag":[],"class_list":{"0":"post-904","1":"product","2":"type-product","3":"status-publish","4":"has-post-thumbnail","6":"product_cat-ispardavimai","7":"product_cat-kedes","9":"first","10":"outofstock","11":"sale","12":"taxable","13":"shipping-taxable","14":"purchasable","15":"product-type-simple"},"_links":{"self":[{"href":"https:\/\/balilight.lt\/index.php?rest_route=\/wp\/v2\/product\/904","targetHints":{"allow":["GET"]}}],"collection":[{"href":"https:\/\/balilight.lt\/index.php?rest_route=\/wp\/v2\/product"}],"about":[{"href":"https:\/\/balilight.lt\/index.php?rest_route=\/wp\/v2\/types\/product"}],"wp:featuredmedia":[{"embeddable":true,"href":"https:\/\/balilight.lt\/index.php?rest_route=\/wp\/v2\/media\/905"}],"wp:attachment":[{"href":"https:\/\/balilight.lt\/index.php?rest_route=%2Fwp%2Fv2%2Fmedia&parent=904"}],"wp:term":[{"taxonomy":"product_brand","embeddable":true,"href":"https:\/\/balilight.lt\/index.php?rest_route=%2Fwp%2Fv2%2Fproduct_brand&post=904"},{"taxonomy":"product_cat","embeddable":true,"href":"https:\/\/balilight.lt\/index.php?rest_route=%2Fwp%2Fv2%2Fproduct_cat&post=904"},{"taxonomy":"product_tag","embeddable":true,"href":"https:\/\/balilight.lt\/index.php?rest_route=%2Fwp%2Fv2%2Fproduct_tag&post=904"}],"curies":[{"name":"wp","href":"https:\/\/api.w.org\/{rel}","templated":true}]}}