{"id":896,"date":"2022-05-26T18:23:58","date_gmt":"2022-05-26T15:23:58","guid":{"rendered":"https:\/\/balilight.lt\/?post_type=product&#038;p=896"},"modified":"2026-01-23T11:28:45","modified_gmt":"2026-01-23T09:28:45","slug":"betmeno-kede","status":"publish","type":"product","link":"https:\/\/balilight.lt\/?product=betmeno-kede","title":{"rendered":"Betmeno k\u0117d\u0117"},"content":{"rendered":"<p>Bali saloje pam\u0117gtos Betmeno k\u0117des. Balie\u010diai sako, kad kiekvienas vyras privalo j\u0105 tur\u0117ti savo namuose.<\/p>\n<p>Nat\u016bralus tikmedis ir nat\u016bralus ratanas s\u0117dimos dalies ir atlo\u0161as.<\/p>\n<p>Dydis: S\u0117dimos dalies auk\u0161tis 35 cm, s\u0117dimos dalies plotis 70 cm, s\u0117dimos dalies ilgis 50 cm, k\u0117des auk\u0161tis su atlo\u0161u 83 cm<\/p>\n","protected":false},"excerpt":{"rendered":"<p>Bali saloje pam\u0117gtos Betmeno k\u0117des. Balie\u010diai sako, kad kiekvienas vyras privalo j\u0105 tur\u0117ti savo namuose. Nat\u016bralus tikmedis ir nat\u016bralus ratanas s\u0117dimos dalies ir atlo\u0161as&#8230;.<\/p>\n","protected":false},"featured_media":898,"template":"","meta":[],"product_brand":[],"product_cat":[28],"product_tag":[],"class_list":{"0":"post-896","1":"product","2":"type-product","3":"status-publish","4":"has-post-thumbnail","6":"product_cat-kedes","8":"first","9":"instock","10":"sale","11":"taxable","12":"shipping-taxable","13":"purchasable","14":"product-type-simple"},"_links":{"self":[{"href":"https:\/\/balilight.lt\/index.php?rest_route=\/wp\/v2\/product\/896","targetHints":{"allow":["GET"]}}],"collection":[{"href":"https:\/\/balilight.lt\/index.php?rest_route=\/wp\/v2\/product"}],"about":[{"href":"https:\/\/balilight.lt\/index.php?rest_route=\/wp\/v2\/types\/product"}],"wp:featuredmedia":[{"embeddable":true,"href":"https:\/\/balilight.lt\/index.php?rest_route=\/wp\/v2\/media\/898"}],"wp:attachment":[{"href":"https:\/\/balilight.lt\/index.php?rest_route=%2Fwp%2Fv2%2Fmedia&parent=896"}],"wp:term":[{"taxonomy":"product_brand","embeddable":true,"href":"https:\/\/balilight.lt\/index.php?rest_route=%2Fwp%2Fv2%2Fproduct_brand&post=896"},{"taxonomy":"product_cat","embeddable":true,"href":"https:\/\/balilight.lt\/index.php?rest_route=%2Fwp%2Fv2%2Fproduct_cat&post=896"},{"taxonomy":"product_tag","embeddable":true,"href":"https:\/\/balilight.lt\/index.php?rest_route=%2Fwp%2Fv2%2Fproduct_tag&post=896"}],"curies":[{"name":"wp","href":"https:\/\/api.w.org\/{rel}","templated":true}]}}