{"id":775,"date":"2022-04-21T14:11:42","date_gmt":"2022-04-21T11:11:42","guid":{"rendered":"https:\/\/balilight.lt\/?post_type=product&#038;p=775"},"modified":"2022-12-01T16:54:09","modified_gmt":"2022-12-01T14:54:09","slug":"stalinis-sviestuvas-raudonas","status":"publish","type":"product","link":"https:\/\/balilight.lt\/?product=stalinis-sviestuvas-raudonas","title":{"rendered":"Stalinis \u0161viestuvas Raudonas"},"content":{"rendered":"<p>Nuostabus stalinis \u0161viestuvas, \u0161viestuvo stovas pagamintas Balyje, vietini\u0173 amatinink\u0173 rankomis i\u0161 tikmed\u017eio. \u0160viestuvo gaubtas Chantier Studio rand\u0173 darbo.<\/p>\n<p>Auk\u0161tis reguliuojasi.<br \/>\nAuk\u0161tis foto 47 cm.<\/p>\n<p>&nbsp;<\/p>\n","protected":false},"excerpt":{"rendered":"<p>Nuostabus stalinis \u0161viestuvas, \u0161viestuvo stovas pagamintas Balyje, vietini\u0173 amatinink\u0173 rankomis i\u0161 tikmed\u017eio. \u0160viestuvo gaubtas Chantier Studio rand\u0173 darbo. Auk\u0161tis reguliuojasi. Auk\u0161tis foto 47 cm&#8230;.<\/p>\n","protected":false},"featured_media":776,"template":"","meta":[],"product_brand":[],"product_cat":[31],"product_tag":[],"class_list":{"0":"post-775","1":"product","2":"type-product","3":"status-publish","4":"has-post-thumbnail","6":"product_cat-staliniai-sviestuvai-ir-torserai","8":"first","9":"instock","10":"taxable","11":"shipping-taxable","12":"purchasable","13":"product-type-simple"},"_links":{"self":[{"href":"https:\/\/balilight.lt\/index.php?rest_route=\/wp\/v2\/product\/775","targetHints":{"allow":["GET"]}}],"collection":[{"href":"https:\/\/balilight.lt\/index.php?rest_route=\/wp\/v2\/product"}],"about":[{"href":"https:\/\/balilight.lt\/index.php?rest_route=\/wp\/v2\/types\/product"}],"wp:featuredmedia":[{"embeddable":true,"href":"https:\/\/balilight.lt\/index.php?rest_route=\/wp\/v2\/media\/776"}],"wp:attachment":[{"href":"https:\/\/balilight.lt\/index.php?rest_route=%2Fwp%2Fv2%2Fmedia&parent=775"}],"wp:term":[{"taxonomy":"product_brand","embeddable":true,"href":"https:\/\/balilight.lt\/index.php?rest_route=%2Fwp%2Fv2%2Fproduct_brand&post=775"},{"taxonomy":"product_cat","embeddable":true,"href":"https:\/\/balilight.lt\/index.php?rest_route=%2Fwp%2Fv2%2Fproduct_cat&post=775"},{"taxonomy":"product_tag","embeddable":true,"href":"https:\/\/balilight.lt\/index.php?rest_route=%2Fwp%2Fv2%2Fproduct_tag&post=775"}],"curies":[{"name":"wp","href":"https:\/\/api.w.org\/{rel}","templated":true}]}}