{"id":743,"date":"2022-03-03T12:43:28","date_gmt":"2022-03-03T10:43:28","guid":{"rendered":"https:\/\/balilight.lt\/?post_type=product&#038;p=743"},"modified":"2026-01-23T10:57:43","modified_gmt":"2026-01-23T08:57:43","slug":"naturalaus-timedzio-sviestuvas","status":"publish","type":"product","link":"https:\/\/balilight.lt\/?product=naturalaus-timedzio-sviestuvas","title":{"rendered":"Nat\u016bralaus timed\u017eio \u0161viestuvas"},"content":{"rendered":"<p>Nat\u016bralaus tikmed\u017eio \u0161viestuvas, pagamintas rankomis su meile ir gera energija J\u016bs\u0173 namams.<\/p>\n<p>I\u0161matavimai skersmuo 40 cm, auk\u0161tis 70 cm<\/p>\n<p>Pastaba: Visi \u0161viestuvai parduodami be elektros \u012frangos laid\u0173.<\/p>\n","protected":false},"excerpt":{"rendered":"<p>Nat\u016bralaus tikmed\u017eio \u0161viestuvas, pagamintas rankomis su meile ir gera energija J\u016bs\u0173 namams. I\u0161matavimai skersmuo 40 cm, auk\u0161tis 70 cm Pastaba: Visi \u0161viestuvai parduodami be&#8230;<\/p>\n","protected":false},"featured_media":47,"template":"","meta":[],"product_brand":[],"product_cat":[19],"product_tag":[],"class_list":{"0":"post-743","1":"product","2":"type-product","3":"status-publish","4":"has-post-thumbnail","6":"product_cat-sviestuvai-tikmedzio-boho-ratano","8":"first","9":"instock","10":"sale","11":"taxable","12":"shipping-taxable","13":"purchasable","14":"product-type-simple"},"_links":{"self":[{"href":"https:\/\/balilight.lt\/index.php?rest_route=\/wp\/v2\/product\/743","targetHints":{"allow":["GET"]}}],"collection":[{"href":"https:\/\/balilight.lt\/index.php?rest_route=\/wp\/v2\/product"}],"about":[{"href":"https:\/\/balilight.lt\/index.php?rest_route=\/wp\/v2\/types\/product"}],"wp:featuredmedia":[{"embeddable":true,"href":"https:\/\/balilight.lt\/index.php?rest_route=\/wp\/v2\/media\/47"}],"wp:attachment":[{"href":"https:\/\/balilight.lt\/index.php?rest_route=%2Fwp%2Fv2%2Fmedia&parent=743"}],"wp:term":[{"taxonomy":"product_brand","embeddable":true,"href":"https:\/\/balilight.lt\/index.php?rest_route=%2Fwp%2Fv2%2Fproduct_brand&post=743"},{"taxonomy":"product_cat","embeddable":true,"href":"https:\/\/balilight.lt\/index.php?rest_route=%2Fwp%2Fv2%2Fproduct_cat&post=743"},{"taxonomy":"product_tag","embeddable":true,"href":"https:\/\/balilight.lt\/index.php?rest_route=%2Fwp%2Fv2%2Fproduct_tag&post=743"}],"curies":[{"name":"wp","href":"https:\/\/api.w.org\/{rel}","templated":true}]}}