{"id":742,"date":"2022-03-03T12:39:30","date_gmt":"2022-03-03T10:39:30","guid":{"rendered":"https:\/\/balilight.lt\/?post_type=product&#038;p=742"},"modified":"2026-01-23T10:57:57","modified_gmt":"2026-01-23T08:57:57","slug":"baltas-ispudingas-tikmedzio-sviestuvas","status":"publish","type":"product","link":"https:\/\/balilight.lt\/?product=baltas-ispudingas-tikmedzio-sviestuvas","title":{"rendered":"Baltas \u012fsp\u016bdingas tikmed\u017eio \u0161viestuvas"},"content":{"rendered":"<p>Baltas tikmed\u017eio \u0161viestuvas, pagamintas rankomis, da\u017eytas nat\u016braliais baltais da\u017eais. \u012esp\u016bdingas, ypatingai jo skleid\u017eiam\u0105 \u0161viesa.<br \/>\nI\u0161matavimai plotis 80 cm, auk\u0161tis 90 cm<\/p>\n<p>Pastaba: Visi \u0161viestuvai parduodami be elektros \u012frangos laid\u0173.<\/p>\n","protected":false},"excerpt":{"rendered":"<p>Baltas tikmed\u017eio \u0161viestuvas, pagamintas rankomis, da\u017eytas nat\u016braliais baltais da\u017eais. \u012esp\u016bdingas, ypatingai jo skleid\u017eiam\u0105 \u0161viesa. I\u0161matavimai plotis 80 cm, auk\u0161tis 90 cm Pastaba: Visi \u0161viestuvai&#8230;<\/p>\n","protected":false},"featured_media":44,"template":"","meta":[],"product_brand":[],"product_cat":[19],"product_tag":[],"class_list":{"0":"post-742","1":"product","2":"type-product","3":"status-publish","4":"has-post-thumbnail","6":"product_cat-sviestuvai-tikmedzio-boho-ratano","8":"first","9":"instock","10":"sale","11":"taxable","12":"shipping-taxable","13":"purchasable","14":"product-type-simple"},"_links":{"self":[{"href":"https:\/\/balilight.lt\/index.php?rest_route=\/wp\/v2\/product\/742","targetHints":{"allow":["GET"]}}],"collection":[{"href":"https:\/\/balilight.lt\/index.php?rest_route=\/wp\/v2\/product"}],"about":[{"href":"https:\/\/balilight.lt\/index.php?rest_route=\/wp\/v2\/types\/product"}],"wp:featuredmedia":[{"embeddable":true,"href":"https:\/\/balilight.lt\/index.php?rest_route=\/wp\/v2\/media\/44"}],"wp:attachment":[{"href":"https:\/\/balilight.lt\/index.php?rest_route=%2Fwp%2Fv2%2Fmedia&parent=742"}],"wp:term":[{"taxonomy":"product_brand","embeddable":true,"href":"https:\/\/balilight.lt\/index.php?rest_route=%2Fwp%2Fv2%2Fproduct_brand&post=742"},{"taxonomy":"product_cat","embeddable":true,"href":"https:\/\/balilight.lt\/index.php?rest_route=%2Fwp%2Fv2%2Fproduct_cat&post=742"},{"taxonomy":"product_tag","embeddable":true,"href":"https:\/\/balilight.lt\/index.php?rest_route=%2Fwp%2Fv2%2Fproduct_tag&post=742"}],"curies":[{"name":"wp","href":"https:\/\/api.w.org\/{rel}","templated":true}]}}