{"id":666,"date":"2022-01-17T11:05:11","date_gmt":"2022-01-17T11:05:11","guid":{"rendered":"https:\/\/balilight.lt\/?post_type=product&#038;p=666"},"modified":"2026-01-22T19:54:07","modified_gmt":"2026-01-22T17:54:07","slug":"ratano-sviestuvo-gaubtas","status":"publish","type":"product","link":"https:\/\/balilight.lt\/?product=ratano-sviestuvo-gaubtas","title":{"rendered":"Ratano \u0161viestuvo gaubtas"},"content":{"rendered":"<p>A\u017e\u016brinis, lengvas, jaukus \u0161viestuvo gaubtas. Pagamintas Bali saloje, vietiniu amatinink\u0173 rankomis.<\/p>\n<p>Skersmuo 40 cm<\/p>\n<p>&nbsp;<\/p>\n","protected":false},"excerpt":{"rendered":"<p>A\u017e\u016brinis, lengvas, jaukus \u0161viestuvo gaubtas. Pagamintas Bali saloje, vietiniu amatinink\u0173 rankomis. Skersmuo 40 cm &nbsp;<\/p>\n","protected":false},"featured_media":667,"template":"","meta":[],"product_brand":[],"product_cat":[19],"product_tag":[],"class_list":{"0":"post-666","1":"product","2":"type-product","3":"status-publish","4":"has-post-thumbnail","6":"product_cat-sviestuvai-tikmedzio-boho-ratano","8":"first","9":"outofstock","10":"taxable","11":"shipping-taxable","12":"purchasable","13":"product-type-simple"},"_links":{"self":[{"href":"https:\/\/balilight.lt\/index.php?rest_route=\/wp\/v2\/product\/666","targetHints":{"allow":["GET"]}}],"collection":[{"href":"https:\/\/balilight.lt\/index.php?rest_route=\/wp\/v2\/product"}],"about":[{"href":"https:\/\/balilight.lt\/index.php?rest_route=\/wp\/v2\/types\/product"}],"wp:featuredmedia":[{"embeddable":true,"href":"https:\/\/balilight.lt\/index.php?rest_route=\/wp\/v2\/media\/667"}],"wp:attachment":[{"href":"https:\/\/balilight.lt\/index.php?rest_route=%2Fwp%2Fv2%2Fmedia&parent=666"}],"wp:term":[{"taxonomy":"product_brand","embeddable":true,"href":"https:\/\/balilight.lt\/index.php?rest_route=%2Fwp%2Fv2%2Fproduct_brand&post=666"},{"taxonomy":"product_cat","embeddable":true,"href":"https:\/\/balilight.lt\/index.php?rest_route=%2Fwp%2Fv2%2Fproduct_cat&post=666"},{"taxonomy":"product_tag","embeddable":true,"href":"https:\/\/balilight.lt\/index.php?rest_route=%2Fwp%2Fv2%2Fproduct_tag&post=666"}],"curies":[{"name":"wp","href":"https:\/\/api.w.org\/{rel}","templated":true}]}}