{"id":652,"date":"2021-12-22T16:45:27","date_gmt":"2021-12-22T16:45:27","guid":{"rendered":"https:\/\/balilight.lt\/?post_type=product&#038;p=652"},"modified":"2026-01-25T13:00:27","modified_gmt":"2026-01-25T11:00:27","slug":"pieno-spalvos-makrame-rankinukas","status":"publish","type":"product","link":"https:\/\/balilight.lt\/?product=pieno-spalvos-makrame-rankinukas","title":{"rendered":"Pieno spalvos makrame rankinukas"},"content":{"rendered":"<p>Pieno spalvos makrame rankinukas, siuvin\u0117tas tikmed\u017eio karoliukais. Rankena i\u0161 bambuko.<br \/>\nDydis plotis 30 cm, ilgis 40 cm be ranken\u0173.<\/p>\n","protected":false},"excerpt":{"rendered":"<p>Pieno spalvos makrame rankinukas, siuvin\u0117tas tikmed\u017eio karoliukais. Rankena i\u0161 bambuko. Dydis plotis 30 cm, ilgis 40 cm be ranken\u0173.<\/p>\n","protected":false},"featured_media":657,"template":"","meta":[],"product_brand":[],"product_cat":[33,20],"product_tag":[],"class_list":{"0":"post-652","1":"product","2":"type-product","3":"status-publish","4":"has-post-thumbnail","6":"product_cat-dekoro-detales","7":"product_cat-krepsiai-jurzole-bananulapai","9":"first","10":"instock","11":"sale","12":"taxable","13":"shipping-taxable","14":"purchasable","15":"product-type-simple"},"_links":{"self":[{"href":"https:\/\/balilight.lt\/index.php?rest_route=\/wp\/v2\/product\/652","targetHints":{"allow":["GET"]}}],"collection":[{"href":"https:\/\/balilight.lt\/index.php?rest_route=\/wp\/v2\/product"}],"about":[{"href":"https:\/\/balilight.lt\/index.php?rest_route=\/wp\/v2\/types\/product"}],"wp:featuredmedia":[{"embeddable":true,"href":"https:\/\/balilight.lt\/index.php?rest_route=\/wp\/v2\/media\/657"}],"wp:attachment":[{"href":"https:\/\/balilight.lt\/index.php?rest_route=%2Fwp%2Fv2%2Fmedia&parent=652"}],"wp:term":[{"taxonomy":"product_brand","embeddable":true,"href":"https:\/\/balilight.lt\/index.php?rest_route=%2Fwp%2Fv2%2Fproduct_brand&post=652"},{"taxonomy":"product_cat","embeddable":true,"href":"https:\/\/balilight.lt\/index.php?rest_route=%2Fwp%2Fv2%2Fproduct_cat&post=652"},{"taxonomy":"product_tag","embeddable":true,"href":"https:\/\/balilight.lt\/index.php?rest_route=%2Fwp%2Fv2%2Fproduct_tag&post=652"}],"curies":[{"name":"wp","href":"https:\/\/api.w.org\/{rel}","templated":true}]}}