{"id":593,"date":"2021-12-05T11:20:17","date_gmt":"2021-12-05T11:20:17","guid":{"rendered":"https:\/\/balilight.lt\/?post_type=product&#038;p=593"},"modified":"2026-01-25T13:01:23","modified_gmt":"2026-01-25T11:01:23","slug":"patvarios-jurzoles-pirkiniu-krepsys","status":"publish","type":"product","link":"https:\/\/balilight.lt\/?product=patvarios-jurzoles-pirkiniu-krepsys","title":{"rendered":"Patvarios j\u016br\u017eol\u0117s pirkini\u0173 krep\u0161ys"},"content":{"rendered":"<p>Labai dailus pirkini\u0173 krep\u0161ys, patvarus, pagamintas rankomis Bali saloje.<\/p>\n<p>Puikiai tinka keliauti prie j\u016bros su rank\u0161luos\u010di\u0173, maudymuk\u0173 ir \u017eurnal\u0173.<\/p>\n<p>Matmenys plotis 55 cm, auk\u0161tis 35 cm<\/p>\n","protected":false},"excerpt":{"rendered":"<p>Labai dailus pirkini\u0173 krep\u0161ys, patvarus, pagamintas rankomis Bali saloje. Puikiai tinka keliauti prie j\u016bros su rank\u0161luos\u010di\u0173, maudymuk\u0173 ir \u017eurnal\u0173. Matmenys plotis 55 cm, auk\u0161tis&#8230;<\/p>\n","protected":false},"featured_media":616,"template":"","meta":[],"product_brand":[],"product_cat":[33,29,20],"product_tag":[],"class_list":{"0":"post-593","1":"product","2":"type-product","3":"status-publish","4":"has-post-thumbnail","6":"product_cat-dekoro-detales","7":"product_cat-interjero-detales","8":"product_cat-krepsiai-jurzole-bananulapai","10":"first","11":"instock","12":"sale","13":"taxable","14":"shipping-taxable","15":"purchasable","16":"product-type-simple"},"_links":{"self":[{"href":"https:\/\/balilight.lt\/index.php?rest_route=\/wp\/v2\/product\/593","targetHints":{"allow":["GET"]}}],"collection":[{"href":"https:\/\/balilight.lt\/index.php?rest_route=\/wp\/v2\/product"}],"about":[{"href":"https:\/\/balilight.lt\/index.php?rest_route=\/wp\/v2\/types\/product"}],"wp:featuredmedia":[{"embeddable":true,"href":"https:\/\/balilight.lt\/index.php?rest_route=\/wp\/v2\/media\/616"}],"wp:attachment":[{"href":"https:\/\/balilight.lt\/index.php?rest_route=%2Fwp%2Fv2%2Fmedia&parent=593"}],"wp:term":[{"taxonomy":"product_brand","embeddable":true,"href":"https:\/\/balilight.lt\/index.php?rest_route=%2Fwp%2Fv2%2Fproduct_brand&post=593"},{"taxonomy":"product_cat","embeddable":true,"href":"https:\/\/balilight.lt\/index.php?rest_route=%2Fwp%2Fv2%2Fproduct_cat&post=593"},{"taxonomy":"product_tag","embeddable":true,"href":"https:\/\/balilight.lt\/index.php?rest_route=%2Fwp%2Fv2%2Fproduct_tag&post=593"}],"curies":[{"name":"wp","href":"https:\/\/api.w.org\/{rel}","templated":true}]}}