{"id":591,"date":"2021-12-05T11:11:01","date_gmt":"2021-12-05T09:11:01","guid":{"rendered":"https:\/\/balilight.lt\/?post_type=product&#038;p=591"},"modified":"2026-01-25T13:01:32","modified_gmt":"2026-01-25T11:01:32","slug":"balietiskos-drobes-pledas","status":"publish","type":"product","link":"https:\/\/balilight.lt\/?product=balietiskos-drobes-pledas","title":{"rendered":"Balieti\u0161kos drob\u0117s pledas Terracota"},"content":{"rendered":"<p>Austas balieti\u0161kas pledas i\u0161 drob\u0117s. Labai gra\u017ei oran\u017ein\u0117 spalva, puikiai dera papuo\u0161ti lov\u0105 arba susisukti vakare prie televizoriaus.<\/p>\n<p>Matmenys ilgis180 cm, plotis 130 cm<\/p>\n","protected":false},"excerpt":{"rendered":"<p>Austas balieti\u0161kas pledas i\u0161 drob\u0117s. Labai gra\u017ei oran\u017ein\u0117 spalva, puikiai dera papuo\u0161ti lov\u0105 arba susisukti vakare prie televizoriaus. Matmenys ilgis180 cm, plotis 130 cm<\/p>\n","protected":false},"featured_media":620,"template":"","meta":[],"product_brand":[],"product_cat":[33,29],"product_tag":[],"class_list":{"0":"post-591","1":"product","2":"type-product","3":"status-publish","4":"has-post-thumbnail","6":"product_cat-dekoro-detales","7":"product_cat-interjero-detales","9":"first","10":"instock","11":"sale","12":"taxable","13":"shipping-taxable","14":"purchasable","15":"product-type-simple"},"_links":{"self":[{"href":"https:\/\/balilight.lt\/index.php?rest_route=\/wp\/v2\/product\/591","targetHints":{"allow":["GET"]}}],"collection":[{"href":"https:\/\/balilight.lt\/index.php?rest_route=\/wp\/v2\/product"}],"about":[{"href":"https:\/\/balilight.lt\/index.php?rest_route=\/wp\/v2\/types\/product"}],"wp:featuredmedia":[{"embeddable":true,"href":"https:\/\/balilight.lt\/index.php?rest_route=\/wp\/v2\/media\/620"}],"wp:attachment":[{"href":"https:\/\/balilight.lt\/index.php?rest_route=%2Fwp%2Fv2%2Fmedia&parent=591"}],"wp:term":[{"taxonomy":"product_brand","embeddable":true,"href":"https:\/\/balilight.lt\/index.php?rest_route=%2Fwp%2Fv2%2Fproduct_brand&post=591"},{"taxonomy":"product_cat","embeddable":true,"href":"https:\/\/balilight.lt\/index.php?rest_route=%2Fwp%2Fv2%2Fproduct_cat&post=591"},{"taxonomy":"product_tag","embeddable":true,"href":"https:\/\/balilight.lt\/index.php?rest_route=%2Fwp%2Fv2%2Fproduct_tag&post=591"}],"curies":[{"name":"wp","href":"https:\/\/api.w.org\/{rel}","templated":true}]}}