{"id":577,"date":"2021-12-05T10:48:40","date_gmt":"2021-12-05T10:48:40","guid":{"rendered":"https:\/\/balilight.lt\/?post_type=product&#038;p=577"},"modified":"2026-01-25T13:01:44","modified_gmt":"2026-01-25T11:01:44","slug":"dziuto-stalo-padekliukas","status":"publish","type":"product","link":"https:\/\/balilight.lt\/?product=dziuto-stalo-padekliukas","title":{"rendered":"D\u017eiuto stalo pad\u0117kliukas"},"content":{"rendered":"<p>D\u017eiuto stalo pad\u0117kliukas siuvin\u0117tas mediniai karoliukais, pagamintas Balio saloje.<\/p>\n<p>Skersmuo 38 cm<\/p>\n","protected":false},"excerpt":{"rendered":"<p>D\u017eiuto stalo pad\u0117kliukas siuvin\u0117tas mediniai karoliukais, pagamintas Balio saloje. Skersmuo 38 cm<\/p>\n","protected":false},"featured_media":580,"template":"","meta":[],"product_brand":[],"product_cat":[33],"product_tag":[],"class_list":{"0":"post-577","1":"product","2":"type-product","3":"status-publish","4":"has-post-thumbnail","6":"product_cat-dekoro-detales","8":"first","9":"instock","10":"sale","11":"taxable","12":"shipping-taxable","13":"purchasable","14":"product-type-simple"},"_links":{"self":[{"href":"https:\/\/balilight.lt\/index.php?rest_route=\/wp\/v2\/product\/577","targetHints":{"allow":["GET"]}}],"collection":[{"href":"https:\/\/balilight.lt\/index.php?rest_route=\/wp\/v2\/product"}],"about":[{"href":"https:\/\/balilight.lt\/index.php?rest_route=\/wp\/v2\/types\/product"}],"wp:featuredmedia":[{"embeddable":true,"href":"https:\/\/balilight.lt\/index.php?rest_route=\/wp\/v2\/media\/580"}],"wp:attachment":[{"href":"https:\/\/balilight.lt\/index.php?rest_route=%2Fwp%2Fv2%2Fmedia&parent=577"}],"wp:term":[{"taxonomy":"product_brand","embeddable":true,"href":"https:\/\/balilight.lt\/index.php?rest_route=%2Fwp%2Fv2%2Fproduct_brand&post=577"},{"taxonomy":"product_cat","embeddable":true,"href":"https:\/\/balilight.lt\/index.php?rest_route=%2Fwp%2Fv2%2Fproduct_cat&post=577"},{"taxonomy":"product_tag","embeddable":true,"href":"https:\/\/balilight.lt\/index.php?rest_route=%2Fwp%2Fv2%2Fproduct_tag&post=577"}],"curies":[{"name":"wp","href":"https:\/\/api.w.org\/{rel}","templated":true}]}}