{"id":562,"date":"2021-10-27T13:57:35","date_gmt":"2021-10-27T10:57:35","guid":{"rendered":"https:\/\/balilight.lt\/?post_type=product&#038;p=562"},"modified":"2026-01-22T19:56:39","modified_gmt":"2026-01-22T17:56:39","slug":"marmuro-praustuvas-pilkas","status":"publish","type":"product","link":"https:\/\/balilight.lt\/?product=marmuro-praustuvas-pilkas","title":{"rendered":"Marmuro praustuvas pilkas"},"content":{"rendered":"<p>Marmuro praustuvas labai eleganti\u0161kas ir dailus, lengva prie\u017ei\u016bra, puo\u0161iantys visas erdv\u0117s. Visi praustuvai labai unikalus, visi pagaminti rankomis Bali saloje.<\/p>\n<p>Spalvos: pilka, ruda.<\/p>\n<p>Skersmuo 40 cm, auk\u0161tis 15 cm<\/p>\n","protected":false},"excerpt":{"rendered":"<p>Marmuro praustuvas labai eleganti\u0161kas ir dailus, lengva prie\u017ei\u016bra, puo\u0161iantys visas erdv\u0117s. Visi praustuvai labai unikalus, visi pagaminti rankomis Bali saloje. Spalvos: pilka, ruda. Skersmuo&#8230;<\/p>\n","protected":false},"featured_media":391,"template":"","meta":[],"product_brand":[],"product_cat":[30],"product_tag":[],"class_list":{"0":"post-562","1":"product","2":"type-product","3":"status-publish","4":"has-post-thumbnail","6":"product_cat-praustuvai-onikso-fosilijos-marmuro","8":"first","9":"outofstock","10":"taxable","11":"shipping-taxable","12":"purchasable","13":"product-type-simple"},"_links":{"self":[{"href":"https:\/\/balilight.lt\/index.php?rest_route=\/wp\/v2\/product\/562","targetHints":{"allow":["GET"]}}],"collection":[{"href":"https:\/\/balilight.lt\/index.php?rest_route=\/wp\/v2\/product"}],"about":[{"href":"https:\/\/balilight.lt\/index.php?rest_route=\/wp\/v2\/types\/product"}],"wp:featuredmedia":[{"embeddable":true,"href":"https:\/\/balilight.lt\/index.php?rest_route=\/wp\/v2\/media\/391"}],"wp:attachment":[{"href":"https:\/\/balilight.lt\/index.php?rest_route=%2Fwp%2Fv2%2Fmedia&parent=562"}],"wp:term":[{"taxonomy":"product_brand","embeddable":true,"href":"https:\/\/balilight.lt\/index.php?rest_route=%2Fwp%2Fv2%2Fproduct_brand&post=562"},{"taxonomy":"product_cat","embeddable":true,"href":"https:\/\/balilight.lt\/index.php?rest_route=%2Fwp%2Fv2%2Fproduct_cat&post=562"},{"taxonomy":"product_tag","embeddable":true,"href":"https:\/\/balilight.lt\/index.php?rest_route=%2Fwp%2Fv2%2Fproduct_tag&post=562"}],"curies":[{"name":"wp","href":"https:\/\/api.w.org\/{rel}","templated":true}]}}