{"id":536,"date":"2021-09-25T11:11:25","date_gmt":"2021-09-25T11:11:25","guid":{"rendered":"https:\/\/balilight.lt\/?post_type=product&#038;p=536"},"modified":"2026-01-23T10:58:45","modified_gmt":"2026-01-23T08:58:45","slug":"naturalaus-tikmedzio-sviestuvas-mazius","status":"publish","type":"product","link":"https:\/\/balilight.lt\/?product=naturalaus-tikmedzio-sviestuvas-mazius","title":{"rendered":"Nat\u016bralaus tikmed\u017eio \u0161viestuvas ma\u017eius"},"content":{"rendered":"<p>Nat\u016bralaus timed\u017eio \u0161viestuvas, pagamintas rankomis su meile ir gera energija J\u016bs\u0173 namams.<\/p>\n<p>I\u0161matavimai 40&#215;50 cm<\/p>\n","protected":false},"excerpt":{"rendered":"<p>Nat\u016bralaus timed\u017eio \u0161viestuvas, pagamintas rankomis su meile ir gera energija J\u016bs\u0173 namams. I\u0161matavimai 40&#215;50 cm<\/p>\n","protected":false},"featured_media":537,"template":"","meta":[],"product_brand":[],"product_cat":[19],"product_tag":[],"class_list":{"0":"post-536","1":"product","2":"type-product","3":"status-publish","4":"has-post-thumbnail","6":"product_cat-sviestuvai-tikmedzio-boho-ratano","8":"first","9":"instock","10":"sale","11":"taxable","12":"shipping-taxable","13":"purchasable","14":"product-type-simple"},"_links":{"self":[{"href":"https:\/\/balilight.lt\/index.php?rest_route=\/wp\/v2\/product\/536","targetHints":{"allow":["GET"]}}],"collection":[{"href":"https:\/\/balilight.lt\/index.php?rest_route=\/wp\/v2\/product"}],"about":[{"href":"https:\/\/balilight.lt\/index.php?rest_route=\/wp\/v2\/types\/product"}],"wp:featuredmedia":[{"embeddable":true,"href":"https:\/\/balilight.lt\/index.php?rest_route=\/wp\/v2\/media\/537"}],"wp:attachment":[{"href":"https:\/\/balilight.lt\/index.php?rest_route=%2Fwp%2Fv2%2Fmedia&parent=536"}],"wp:term":[{"taxonomy":"product_brand","embeddable":true,"href":"https:\/\/balilight.lt\/index.php?rest_route=%2Fwp%2Fv2%2Fproduct_brand&post=536"},{"taxonomy":"product_cat","embeddable":true,"href":"https:\/\/balilight.lt\/index.php?rest_route=%2Fwp%2Fv2%2Fproduct_cat&post=536"},{"taxonomy":"product_tag","embeddable":true,"href":"https:\/\/balilight.lt\/index.php?rest_route=%2Fwp%2Fv2%2Fproduct_tag&post=536"}],"curies":[{"name":"wp","href":"https:\/\/api.w.org\/{rel}","templated":true}]}}