{"id":499,"date":"2021-09-01T08:16:55","date_gmt":"2021-09-01T08:16:55","guid":{"rendered":"https:\/\/balilight.lt\/?post_type=product&#038;p=499"},"modified":"2023-07-20T16:37:18","modified_gmt":"2023-07-20T13:37:18","slug":"makrame-pagalves","status":"publish","type":"product","link":"https:\/\/balilight.lt\/?product=makrame-pagalves","title":{"rendered":"Makrame pagalv\u0117s 40&#215;40"},"content":{"rendered":"<p>Makrame pagalves pagamintos, supintos Bali saloje, vietini\u0173 moter\u0173 rankomis.<\/p>\n<p>Dydis 40&#215;40<\/p>\n","protected":false},"excerpt":{"rendered":"<p>Makrame pagalves pagamintos, supintos Bali saloje, vietini\u0173 moter\u0173 rankomis. Dydis 40&#215;40<\/p>\n","protected":false},"featured_media":500,"template":"","meta":[],"product_brand":[],"product_cat":[29],"product_tag":[],"class_list":{"0":"post-499","1":"product","2":"type-product","3":"status-publish","4":"has-post-thumbnail","6":"product_cat-interjero-detales","8":"first","9":"instock","10":"taxable","11":"shipping-taxable","12":"purchasable","13":"product-type-simple"},"_links":{"self":[{"href":"https:\/\/balilight.lt\/index.php?rest_route=\/wp\/v2\/product\/499","targetHints":{"allow":["GET"]}}],"collection":[{"href":"https:\/\/balilight.lt\/index.php?rest_route=\/wp\/v2\/product"}],"about":[{"href":"https:\/\/balilight.lt\/index.php?rest_route=\/wp\/v2\/types\/product"}],"wp:featuredmedia":[{"embeddable":true,"href":"https:\/\/balilight.lt\/index.php?rest_route=\/wp\/v2\/media\/500"}],"wp:attachment":[{"href":"https:\/\/balilight.lt\/index.php?rest_route=%2Fwp%2Fv2%2Fmedia&parent=499"}],"wp:term":[{"taxonomy":"product_brand","embeddable":true,"href":"https:\/\/balilight.lt\/index.php?rest_route=%2Fwp%2Fv2%2Fproduct_brand&post=499"},{"taxonomy":"product_cat","embeddable":true,"href":"https:\/\/balilight.lt\/index.php?rest_route=%2Fwp%2Fv2%2Fproduct_cat&post=499"},{"taxonomy":"product_tag","embeddable":true,"href":"https:\/\/balilight.lt\/index.php?rest_route=%2Fwp%2Fv2%2Fproduct_tag&post=499"}],"curies":[{"name":"wp","href":"https:\/\/api.w.org\/{rel}","templated":true}]}}