{"id":493,"date":"2021-09-01T08:11:56","date_gmt":"2021-09-01T08:11:56","guid":{"rendered":"https:\/\/balilight.lt\/?post_type=product&#038;p=493"},"modified":"2026-01-23T10:59:06","modified_gmt":"2026-01-23T08:59:06","slug":"ratano-sviestuvai-eziukai","status":"publish","type":"product","link":"https:\/\/balilight.lt\/?product=ratano-sviestuvai-eziukai","title":{"rendered":"Ratano \u0161viestuvai e\u017eiukai"},"content":{"rendered":"<p>Labai jaukus \u0161viestuvai nat\u016bralios ir juodos spalvos.<\/p>\n<p>Taip pat turime ir tor\u0161eru su e\u017eiuko gaubtais.<br \/>\nTor\u0161ero kaina 120 eur.<\/p>\n<p>&nbsp;<\/p>\n","protected":false},"excerpt":{"rendered":"<p>Labai jaukus \u0161viestuvai nat\u016bralios ir juodos spalvos. Taip pat turime ir tor\u0161eru su e\u017eiuko gaubtais. Tor\u0161ero kaina 120 eur. &nbsp;<\/p>\n","protected":false},"featured_media":497,"template":"","meta":[],"product_brand":[],"product_cat":[19],"product_tag":[],"class_list":{"0":"post-493","1":"product","2":"type-product","3":"status-publish","4":"has-post-thumbnail","6":"product_cat-sviestuvai-tikmedzio-boho-ratano","8":"first","9":"instock","10":"sale","11":"taxable","12":"shipping-taxable","13":"purchasable","14":"product-type-simple"},"_links":{"self":[{"href":"https:\/\/balilight.lt\/index.php?rest_route=\/wp\/v2\/product\/493","targetHints":{"allow":["GET"]}}],"collection":[{"href":"https:\/\/balilight.lt\/index.php?rest_route=\/wp\/v2\/product"}],"about":[{"href":"https:\/\/balilight.lt\/index.php?rest_route=\/wp\/v2\/types\/product"}],"wp:featuredmedia":[{"embeddable":true,"href":"https:\/\/balilight.lt\/index.php?rest_route=\/wp\/v2\/media\/497"}],"wp:attachment":[{"href":"https:\/\/balilight.lt\/index.php?rest_route=%2Fwp%2Fv2%2Fmedia&parent=493"}],"wp:term":[{"taxonomy":"product_brand","embeddable":true,"href":"https:\/\/balilight.lt\/index.php?rest_route=%2Fwp%2Fv2%2Fproduct_brand&post=493"},{"taxonomy":"product_cat","embeddable":true,"href":"https:\/\/balilight.lt\/index.php?rest_route=%2Fwp%2Fv2%2Fproduct_cat&post=493"},{"taxonomy":"product_tag","embeddable":true,"href":"https:\/\/balilight.lt\/index.php?rest_route=%2Fwp%2Fv2%2Fproduct_tag&post=493"}],"curies":[{"name":"wp","href":"https:\/\/api.w.org\/{rel}","templated":true}]}}