{"id":485,"date":"2021-09-01T08:05:45","date_gmt":"2021-09-01T08:05:45","guid":{"rendered":"https:\/\/balilight.lt\/?post_type=product&#038;p=485"},"modified":"2026-01-22T19:59:18","modified_gmt":"2026-01-22T17:59:18","slug":"juodas-ratano-sviestuvo-gaubtas","status":"publish","type":"product","link":"https:\/\/balilight.lt\/?product=juodas-ratano-sviestuvo-gaubtas","title":{"rendered":"Juodas ratano \u0161viestuvo gaubtas"},"content":{"rendered":"<p>A\u017e\u016brinis, lengvas, jaukus \u0161viestuvo gaubtas. Pagamintas Bali saloje, vietiniu amatinink\u0173 rankomis.<\/p>\n<p>&nbsp;<\/p>\n","protected":false},"excerpt":{"rendered":"<p>A\u017e\u016brinis, lengvas, jaukus \u0161viestuvo gaubtas. Pagamintas Bali saloje, vietiniu amatinink\u0173 rankomis. &nbsp;<\/p>\n","protected":false},"featured_media":486,"template":"","meta":[],"product_brand":[],"product_cat":[19],"product_tag":[],"class_list":{"0":"post-485","1":"product","2":"type-product","3":"status-publish","4":"has-post-thumbnail","6":"product_cat-sviestuvai-tikmedzio-boho-ratano","8":"first","9":"outofstock","10":"taxable","11":"shipping-taxable","12":"purchasable","13":"product-type-simple"},"_links":{"self":[{"href":"https:\/\/balilight.lt\/index.php?rest_route=\/wp\/v2\/product\/485","targetHints":{"allow":["GET"]}}],"collection":[{"href":"https:\/\/balilight.lt\/index.php?rest_route=\/wp\/v2\/product"}],"about":[{"href":"https:\/\/balilight.lt\/index.php?rest_route=\/wp\/v2\/types\/product"}],"wp:featuredmedia":[{"embeddable":true,"href":"https:\/\/balilight.lt\/index.php?rest_route=\/wp\/v2\/media\/486"}],"wp:attachment":[{"href":"https:\/\/balilight.lt\/index.php?rest_route=%2Fwp%2Fv2%2Fmedia&parent=485"}],"wp:term":[{"taxonomy":"product_brand","embeddable":true,"href":"https:\/\/balilight.lt\/index.php?rest_route=%2Fwp%2Fv2%2Fproduct_brand&post=485"},{"taxonomy":"product_cat","embeddable":true,"href":"https:\/\/balilight.lt\/index.php?rest_route=%2Fwp%2Fv2%2Fproduct_cat&post=485"},{"taxonomy":"product_tag","embeddable":true,"href":"https:\/\/balilight.lt\/index.php?rest_route=%2Fwp%2Fv2%2Fproduct_tag&post=485"}],"curies":[{"name":"wp","href":"https:\/\/api.w.org\/{rel}","templated":true}]}}