{"id":482,"date":"2021-09-01T08:01:20","date_gmt":"2021-09-01T08:01:20","guid":{"rendered":"https:\/\/balilight.lt\/?post_type=product&#038;p=482"},"modified":"2026-01-23T10:59:55","modified_gmt":"2026-01-23T08:59:55","slug":"ratano-sviestuvo-gaubtas-pailgas","status":"publish","type":"product","link":"https:\/\/balilight.lt\/?product=ratano-sviestuvo-gaubtas-pailgas","title":{"rendered":"Ratano \u0161viestuvo gaubtas pailgas"},"content":{"rendered":"<p>Lengvas, a\u017e\u016brinis ratano \u0161viestuvo gaubtas.<\/p>\n<p>Pagamintas Bali saloje, vietiniu amatinink\u0173 rankomis, viduje sojos pluo\u0161to d\u0117klas, padeda jaukiai i\u0161sklaidyti \u0161vies\u0105.<\/p>\n<p>Ilgis 60cm, skersmuo 30 cm<\/p>\n<p>&nbsp;<\/p>\n","protected":false},"excerpt":{"rendered":"<p>Lengvas, a\u017e\u016brinis ratano \u0161viestuvo gaubtas. Pagamintas Bali saloje, vietiniu amatinink\u0173 rankomis, viduje sojos pluo\u0161to d\u0117klas, padeda jaukiai i\u0161sklaidyti \u0161vies\u0105. Ilgis 60cm, skersmuo 30 cm&#8230;<\/p>\n","protected":false},"featured_media":483,"template":"","meta":[],"product_brand":[],"product_cat":[19],"product_tag":[],"class_list":{"0":"post-482","1":"product","2":"type-product","3":"status-publish","4":"has-post-thumbnail","6":"product_cat-sviestuvai-tikmedzio-boho-ratano","8":"first","9":"instock","10":"sale","11":"taxable","12":"shipping-taxable","13":"purchasable","14":"product-type-simple"},"_links":{"self":[{"href":"https:\/\/balilight.lt\/index.php?rest_route=\/wp\/v2\/product\/482","targetHints":{"allow":["GET"]}}],"collection":[{"href":"https:\/\/balilight.lt\/index.php?rest_route=\/wp\/v2\/product"}],"about":[{"href":"https:\/\/balilight.lt\/index.php?rest_route=\/wp\/v2\/types\/product"}],"wp:featuredmedia":[{"embeddable":true,"href":"https:\/\/balilight.lt\/index.php?rest_route=\/wp\/v2\/media\/483"}],"wp:attachment":[{"href":"https:\/\/balilight.lt\/index.php?rest_route=%2Fwp%2Fv2%2Fmedia&parent=482"}],"wp:term":[{"taxonomy":"product_brand","embeddable":true,"href":"https:\/\/balilight.lt\/index.php?rest_route=%2Fwp%2Fv2%2Fproduct_brand&post=482"},{"taxonomy":"product_cat","embeddable":true,"href":"https:\/\/balilight.lt\/index.php?rest_route=%2Fwp%2Fv2%2Fproduct_cat&post=482"},{"taxonomy":"product_tag","embeddable":true,"href":"https:\/\/balilight.lt\/index.php?rest_route=%2Fwp%2Fv2%2Fproduct_tag&post=482"}],"curies":[{"name":"wp","href":"https:\/\/api.w.org\/{rel}","templated":true}]}}