{"id":424,"date":"2021-08-30T14:22:34","date_gmt":"2021-08-30T14:22:34","guid":{"rendered":"https:\/\/balilight.lt\/?post_type=product&#038;p=424"},"modified":"2025-04-19T14:14:48","modified_gmt":"2025-04-19T11:14:48","slug":"upes-akmens-padekliukas","status":"publish","type":"product","link":"https:\/\/balilight.lt\/?product=upes-akmens-padekliukas","title":{"rendered":"Up\u0117s akmens pad\u0117kliukas"},"content":{"rendered":"<p>Visi pad\u0117kliukai pagaminti i\u0161 up\u0117s akmens ir kiekvienas i\u0161 j\u0173 yra labai unikalus savo forma.<\/p>\n<p>Dydis: ilgis apie 40 cm, plotis apie 30 cm<\/p>\n","protected":false},"excerpt":{"rendered":"<p>Visi pad\u0117kliukai pagaminti i\u0161 up\u0117s akmens ir kiekvienas i\u0161 j\u0173 yra labai unikalus savo forma. Dydis: ilgis apie 40 cm, plotis apie 30 cm<\/p>\n","protected":false},"featured_media":423,"template":"","meta":[],"product_brand":[],"product_cat":[29,43],"product_tag":[],"class_list":{"0":"post-424","1":"product","2":"type-product","3":"status-publish","4":"has-post-thumbnail","6":"product_cat-interjero-detales","7":"product_cat-vonios-aksesuarai","9":"first","10":"instock","11":"taxable","12":"shipping-taxable","13":"purchasable","14":"product-type-simple"},"_links":{"self":[{"href":"https:\/\/balilight.lt\/index.php?rest_route=\/wp\/v2\/product\/424","targetHints":{"allow":["GET"]}}],"collection":[{"href":"https:\/\/balilight.lt\/index.php?rest_route=\/wp\/v2\/product"}],"about":[{"href":"https:\/\/balilight.lt\/index.php?rest_route=\/wp\/v2\/types\/product"}],"wp:featuredmedia":[{"embeddable":true,"href":"https:\/\/balilight.lt\/index.php?rest_route=\/wp\/v2\/media\/423"}],"wp:attachment":[{"href":"https:\/\/balilight.lt\/index.php?rest_route=%2Fwp%2Fv2%2Fmedia&parent=424"}],"wp:term":[{"taxonomy":"product_brand","embeddable":true,"href":"https:\/\/balilight.lt\/index.php?rest_route=%2Fwp%2Fv2%2Fproduct_brand&post=424"},{"taxonomy":"product_cat","embeddable":true,"href":"https:\/\/balilight.lt\/index.php?rest_route=%2Fwp%2Fv2%2Fproduct_cat&post=424"},{"taxonomy":"product_tag","embeddable":true,"href":"https:\/\/balilight.lt\/index.php?rest_route=%2Fwp%2Fv2%2Fproduct_tag&post=424"}],"curies":[{"name":"wp","href":"https:\/\/api.w.org\/{rel}","templated":true}]}}