{"id":416,"date":"2021-08-30T14:14:56","date_gmt":"2021-08-30T11:14:56","guid":{"rendered":"https:\/\/balilight.lt\/?post_type=product&#038;p=416"},"modified":"2026-01-23T11:00:11","modified_gmt":"2026-01-23T09:00:11","slug":"tikmedzio-sietynas","status":"publish","type":"product","link":"https:\/\/balilight.lt\/?product=tikmedzio-sietynas","title":{"rendered":"Tikmed\u017eio sietynas"},"content":{"rendered":"<p>Tikmed\u017eio \u0161viestuvas, pagamintas rankomis, neda\u017eytas, nat\u016bralus.<\/p>\n","protected":false},"excerpt":{"rendered":"<p>Tikmed\u017eio \u0161viestuvas, pagamintas rankomis, neda\u017eytas, nat\u016bralus.<\/p>\n","protected":false},"featured_media":417,"template":"","meta":[],"product_brand":[],"product_cat":[46,19],"product_tag":[],"class_list":{"0":"post-416","1":"product","2":"type-product","3":"status-publish","4":"has-post-thumbnail","6":"product_cat-ispardavimai","7":"product_cat-sviestuvai-tikmedzio-boho-ratano","9":"first","10":"instock","11":"sale","12":"taxable","13":"shipping-taxable","14":"purchasable","15":"product-type-simple"},"_links":{"self":[{"href":"https:\/\/balilight.lt\/index.php?rest_route=\/wp\/v2\/product\/416","targetHints":{"allow":["GET"]}}],"collection":[{"href":"https:\/\/balilight.lt\/index.php?rest_route=\/wp\/v2\/product"}],"about":[{"href":"https:\/\/balilight.lt\/index.php?rest_route=\/wp\/v2\/types\/product"}],"wp:featuredmedia":[{"embeddable":true,"href":"https:\/\/balilight.lt\/index.php?rest_route=\/wp\/v2\/media\/417"}],"wp:attachment":[{"href":"https:\/\/balilight.lt\/index.php?rest_route=%2Fwp%2Fv2%2Fmedia&parent=416"}],"wp:term":[{"taxonomy":"product_brand","embeddable":true,"href":"https:\/\/balilight.lt\/index.php?rest_route=%2Fwp%2Fv2%2Fproduct_brand&post=416"},{"taxonomy":"product_cat","embeddable":true,"href":"https:\/\/balilight.lt\/index.php?rest_route=%2Fwp%2Fv2%2Fproduct_cat&post=416"},{"taxonomy":"product_tag","embeddable":true,"href":"https:\/\/balilight.lt\/index.php?rest_route=%2Fwp%2Fv2%2Fproduct_tag&post=416"}],"curies":[{"name":"wp","href":"https:\/\/api.w.org\/{rel}","templated":true}]}}