{"id":413,"date":"2021-08-30T13:51:42","date_gmt":"2021-08-30T13:51:42","guid":{"rendered":"https:\/\/balilight.lt\/?post_type=product&#038;p=413"},"modified":"2026-01-23T11:00:26","modified_gmt":"2026-01-23T09:00:26","slug":"tikmedzio-karoliuku-sietynas","status":"publish","type":"product","link":"https:\/\/balilight.lt\/?product=tikmedzio-karoliuku-sietynas","title":{"rendered":"Tikmed\u017eio karoliuk\u0173 sietynas"},"content":{"rendered":"<p>Tikmed\u017eio karoliuk\u0173 sietynas, pagamintas Bali saloje, pagamintas vietini\u0173 amatinink\u0173 rankomis, neda\u017eytas.<\/p>\n<p>Skersmuo 50 cm, ilgis 48 cm<\/p>\n","protected":false},"excerpt":{"rendered":"<p>Tikmed\u017eio karoliuk\u0173 sietynas, pagamintas Bali saloje, pagamintas vietini\u0173 amatinink\u0173 rankomis, neda\u017eytas. Skersmuo 50 cm, ilgis 48 cm<\/p>\n","protected":false},"featured_media":415,"template":"","meta":[],"product_brand":[],"product_cat":[19],"product_tag":[],"class_list":{"0":"post-413","1":"product","2":"type-product","3":"status-publish","4":"has-post-thumbnail","6":"product_cat-sviestuvai-tikmedzio-boho-ratano","8":"first","9":"instock","10":"sale","11":"taxable","12":"shipping-taxable","13":"purchasable","14":"product-type-simple"},"_links":{"self":[{"href":"https:\/\/balilight.lt\/index.php?rest_route=\/wp\/v2\/product\/413","targetHints":{"allow":["GET"]}}],"collection":[{"href":"https:\/\/balilight.lt\/index.php?rest_route=\/wp\/v2\/product"}],"about":[{"href":"https:\/\/balilight.lt\/index.php?rest_route=\/wp\/v2\/types\/product"}],"wp:featuredmedia":[{"embeddable":true,"href":"https:\/\/balilight.lt\/index.php?rest_route=\/wp\/v2\/media\/415"}],"wp:attachment":[{"href":"https:\/\/balilight.lt\/index.php?rest_route=%2Fwp%2Fv2%2Fmedia&parent=413"}],"wp:term":[{"taxonomy":"product_brand","embeddable":true,"href":"https:\/\/balilight.lt\/index.php?rest_route=%2Fwp%2Fv2%2Fproduct_brand&post=413"},{"taxonomy":"product_cat","embeddable":true,"href":"https:\/\/balilight.lt\/index.php?rest_route=%2Fwp%2Fv2%2Fproduct_cat&post=413"},{"taxonomy":"product_tag","embeddable":true,"href":"https:\/\/balilight.lt\/index.php?rest_route=%2Fwp%2Fv2%2Fproduct_tag&post=413"}],"curies":[{"name":"wp","href":"https:\/\/api.w.org\/{rel}","templated":true}]}}