{"id":384,"date":"2021-08-30T11:59:08","date_gmt":"2021-08-30T08:59:08","guid":{"rendered":"https:\/\/balilight.lt\/?post_type=product&#038;p=384"},"modified":"2025-09-01T17:51:43","modified_gmt":"2025-09-01T14:51:43","slug":"upes-akmens-praustuvas","status":"publish","type":"product","link":"https:\/\/balilight.lt\/?product=upes-akmens-praustuvas","title":{"rendered":"Up\u0117s akmens praustuvas"},"content":{"rendered":"<p>Up\u0117s akmens praustuvas labai eleganti\u0161kas ir dailus, tinkantys didel\u0117ms erdv\u0117ms ir puikiai derantys ma\u017euose erdv\u0117se. Visi praustuvai labai unikalus, kiekvienas i\u0161 j\u0173 labai skirtingas ir kartu jie pana\u0161us.<\/p>\n<p>Skersmuo 28-35 cm ir gali skirtis apie 2-3 cm d\u0117l up\u0117s akmens formos.<br \/>\nAuk\u0161tis 15- 17 cm<\/p>\n","protected":false},"excerpt":{"rendered":"<p>Up\u0117s akmens praustuvas labai eleganti\u0161kas ir dailus, tinkantys didel\u0117ms erdv\u0117ms ir puikiai derantys ma\u017euose erdv\u0117se. Visi praustuvai labai unikalus, kiekvienas i\u0161 j\u0173 labai skirtingas&#8230;<\/p>\n","protected":false},"featured_media":386,"template":"","meta":[],"product_brand":[],"product_cat":[30],"product_tag":[],"class_list":{"0":"post-384","1":"product","2":"type-product","3":"status-publish","4":"has-post-thumbnail","6":"product_cat-praustuvai-onikso-fosilijos-marmuro","8":"first","9":"instock","10":"taxable","11":"shipping-taxable","12":"purchasable","13":"product-type-variable"},"_links":{"self":[{"href":"https:\/\/balilight.lt\/index.php?rest_route=\/wp\/v2\/product\/384","targetHints":{"allow":["GET"]}}],"collection":[{"href":"https:\/\/balilight.lt\/index.php?rest_route=\/wp\/v2\/product"}],"about":[{"href":"https:\/\/balilight.lt\/index.php?rest_route=\/wp\/v2\/types\/product"}],"wp:featuredmedia":[{"embeddable":true,"href":"https:\/\/balilight.lt\/index.php?rest_route=\/wp\/v2\/media\/386"}],"wp:attachment":[{"href":"https:\/\/balilight.lt\/index.php?rest_route=%2Fwp%2Fv2%2Fmedia&parent=384"}],"wp:term":[{"taxonomy":"product_brand","embeddable":true,"href":"https:\/\/balilight.lt\/index.php?rest_route=%2Fwp%2Fv2%2Fproduct_brand&post=384"},{"taxonomy":"product_cat","embeddable":true,"href":"https:\/\/balilight.lt\/index.php?rest_route=%2Fwp%2Fv2%2Fproduct_cat&post=384"},{"taxonomy":"product_tag","embeddable":true,"href":"https:\/\/balilight.lt\/index.php?rest_route=%2Fwp%2Fv2%2Fproduct_tag&post=384"}],"curies":[{"name":"wp","href":"https:\/\/api.w.org\/{rel}","templated":true}]}}