{"id":1865,"date":"2023-05-22T21:24:00","date_gmt":"2023-05-22T18:24:00","guid":{"rendered":"https:\/\/balilight.lt\/?post_type=product&#038;p=1865"},"modified":"2026-01-22T13:48:32","modified_gmt":"2026-01-22T11:48:32","slug":"hamakas-apvalus-didelis","status":"publish","type":"product","link":"https:\/\/balilight.lt\/?product=hamakas-apvalus-didelis","title":{"rendered":"Hamakas apvalus didelis"},"content":{"rendered":"<p>Hamakas apvalus didelis.<br \/>\nSkersmuo s\u0117dimosios dalies apie 65 cm. Virvi\u0173 ilgis apie 150 cm, rekomenduojama kabinti 20 cm auk\u0161\u010diau negu planuojamas s\u0117d\u0117jimas, nes virves pasiduoda.<\/p>\n","protected":false},"excerpt":{"rendered":"<p>Hamakas apvalus didelis. Skersmuo s\u0117dimosios dalies apie 65 cm. Virvi\u0173 ilgis apie 150 cm, rekomenduojama kabinti 20 cm auk\u0161\u010diau negu planuojamas s\u0117d\u0117jimas, nes virves&#8230;<\/p>\n","protected":false},"featured_media":1866,"template":"","meta":[],"product_brand":[],"product_cat":[32],"product_tag":[],"class_list":{"0":"post-1865","1":"product","2":"type-product","3":"status-publish","4":"has-post-thumbnail","6":"product_cat-hamakai","8":"first","9":"outofstock","10":"taxable","11":"shipping-taxable","12":"purchasable","13":"product-type-simple"},"_links":{"self":[{"href":"https:\/\/balilight.lt\/index.php?rest_route=\/wp\/v2\/product\/1865","targetHints":{"allow":["GET"]}}],"collection":[{"href":"https:\/\/balilight.lt\/index.php?rest_route=\/wp\/v2\/product"}],"about":[{"href":"https:\/\/balilight.lt\/index.php?rest_route=\/wp\/v2\/types\/product"}],"wp:featuredmedia":[{"embeddable":true,"href":"https:\/\/balilight.lt\/index.php?rest_route=\/wp\/v2\/media\/1866"}],"wp:attachment":[{"href":"https:\/\/balilight.lt\/index.php?rest_route=%2Fwp%2Fv2%2Fmedia&parent=1865"}],"wp:term":[{"taxonomy":"product_brand","embeddable":true,"href":"https:\/\/balilight.lt\/index.php?rest_route=%2Fwp%2Fv2%2Fproduct_brand&post=1865"},{"taxonomy":"product_cat","embeddable":true,"href":"https:\/\/balilight.lt\/index.php?rest_route=%2Fwp%2Fv2%2Fproduct_cat&post=1865"},{"taxonomy":"product_tag","embeddable":true,"href":"https:\/\/balilight.lt\/index.php?rest_route=%2Fwp%2Fv2%2Fproduct_tag&post=1865"}],"curies":[{"name":"wp","href":"https:\/\/api.w.org\/{rel}","templated":true}]}}