{"id":1854,"date":"2023-05-22T21:02:54","date_gmt":"2023-05-22T18:02:54","guid":{"rendered":"https:\/\/balilight.lt\/?post_type=product&#038;p=1854"},"modified":"2026-01-23T10:27:36","modified_gmt":"2026-01-23T08:27:36","slug":"dekoracija-sakos","status":"publish","type":"product","link":"https:\/\/balilight.lt\/?product=dekoracija-sakos","title":{"rendered":"Dekoracija &#8222;\u0160akos&#8221;"},"content":{"rendered":"<p>\u012esp\u016bdinga dekoracij\u0105 tikmed\u017eio \u0161akos. Naudotos tikros med\u017eio \u0161akos.<br \/>\nSkersmuo 80 cm<\/p>\n","protected":false},"excerpt":{"rendered":"<p>\u012esp\u016bdinga dekoracij\u0105 tikmed\u017eio \u0161akos. Naudotos tikros med\u017eio \u0161akos. Skersmuo 80 cm<\/p>\n","protected":false},"featured_media":1855,"template":"","meta":[],"product_brand":[],"product_cat":[33,29,48],"product_tag":[],"class_list":{"0":"post-1854","1":"product","2":"type-product","3":"status-publish","4":"has-post-thumbnail","6":"product_cat-dekoro-detales","7":"product_cat-interjero-detales","8":"product_cat-sienos-dekoracijos","9":"product_shipping_class-kurjeris","11":"first","12":"instock","13":"sale","14":"taxable","15":"shipping-taxable","16":"purchasable","17":"product-type-simple"},"_links":{"self":[{"href":"https:\/\/balilight.lt\/index.php?rest_route=\/wp\/v2\/product\/1854","targetHints":{"allow":["GET"]}}],"collection":[{"href":"https:\/\/balilight.lt\/index.php?rest_route=\/wp\/v2\/product"}],"about":[{"href":"https:\/\/balilight.lt\/index.php?rest_route=\/wp\/v2\/types\/product"}],"wp:featuredmedia":[{"embeddable":true,"href":"https:\/\/balilight.lt\/index.php?rest_route=\/wp\/v2\/media\/1855"}],"wp:attachment":[{"href":"https:\/\/balilight.lt\/index.php?rest_route=%2Fwp%2Fv2%2Fmedia&parent=1854"}],"wp:term":[{"taxonomy":"product_brand","embeddable":true,"href":"https:\/\/balilight.lt\/index.php?rest_route=%2Fwp%2Fv2%2Fproduct_brand&post=1854"},{"taxonomy":"product_cat","embeddable":true,"href":"https:\/\/balilight.lt\/index.php?rest_route=%2Fwp%2Fv2%2Fproduct_cat&post=1854"},{"taxonomy":"product_tag","embeddable":true,"href":"https:\/\/balilight.lt\/index.php?rest_route=%2Fwp%2Fv2%2Fproduct_tag&post=1854"}],"curies":[{"name":"wp","href":"https:\/\/api.w.org\/{rel}","templated":true}]}}