{"id":1846,"date":"2023-05-22T20:53:27","date_gmt":"2023-05-22T17:53:27","guid":{"rendered":"https:\/\/balilight.lt\/?post_type=product&#038;p=1846"},"modified":"2024-12-16T20:43:07","modified_gmt":"2024-12-16T18:43:07","slug":"jurzoles-stalinis-sviestuvas-trumpas","status":"publish","type":"product","link":"https:\/\/balilight.lt\/?product=jurzoles-stalinis-sviestuvas-trumpas","title":{"rendered":"Jur\u017eol\u0117s stalinis \u0161viestuvas &#8222;Trumpas&#8221;"},"content":{"rendered":"<p>Rankomis pagaminti staliniai \u0161viestuvai i\u0161 j\u016br\u017eol\u0117s, nat\u016bralios med\u017eiagos, kruop\u0161tus darbas.<br \/>\nTrij\u0173 dyd\u017ei\u0173: 50 cm auk\u0161\u010dio, 40 cm auk\u0161\u010dio ir 30 cm auk\u0161\u010dio.<\/p>\n","protected":false},"excerpt":{"rendered":"<p>Rankomis pagaminti staliniai \u0161viestuvai i\u0161 j\u016br\u017eol\u0117s, nat\u016bralios med\u017eiagos, kruop\u0161tus darbas. Trij\u0173 dyd\u017ei\u0173: 50 cm auk\u0161\u010dio, 40 cm auk\u0161\u010dio ir 30 cm auk\u0161\u010dio.<\/p>\n","protected":false},"featured_media":1847,"template":"","meta":[],"product_brand":[],"product_cat":[31,19],"product_tag":[],"class_list":{"0":"post-1846","1":"product","2":"type-product","3":"status-publish","4":"has-post-thumbnail","6":"product_cat-staliniai-sviestuvai-ir-torserai","7":"product_cat-sviestuvai-tikmedzio-boho-ratano","9":"first","10":"instock","11":"taxable","12":"shipping-taxable","13":"purchasable","14":"product-type-variable"},"_links":{"self":[{"href":"https:\/\/balilight.lt\/index.php?rest_route=\/wp\/v2\/product\/1846","targetHints":{"allow":["GET"]}}],"collection":[{"href":"https:\/\/balilight.lt\/index.php?rest_route=\/wp\/v2\/product"}],"about":[{"href":"https:\/\/balilight.lt\/index.php?rest_route=\/wp\/v2\/types\/product"}],"wp:featuredmedia":[{"embeddable":true,"href":"https:\/\/balilight.lt\/index.php?rest_route=\/wp\/v2\/media\/1847"}],"wp:attachment":[{"href":"https:\/\/balilight.lt\/index.php?rest_route=%2Fwp%2Fv2%2Fmedia&parent=1846"}],"wp:term":[{"taxonomy":"product_brand","embeddable":true,"href":"https:\/\/balilight.lt\/index.php?rest_route=%2Fwp%2Fv2%2Fproduct_brand&post=1846"},{"taxonomy":"product_cat","embeddable":true,"href":"https:\/\/balilight.lt\/index.php?rest_route=%2Fwp%2Fv2%2Fproduct_cat&post=1846"},{"taxonomy":"product_tag","embeddable":true,"href":"https:\/\/balilight.lt\/index.php?rest_route=%2Fwp%2Fv2%2Fproduct_tag&post=1846"}],"curies":[{"name":"wp","href":"https:\/\/api.w.org\/{rel}","templated":true}]}}