{"id":1838,"date":"2023-05-21T21:15:35","date_gmt":"2023-05-21T18:15:35","guid":{"rendered":"https:\/\/balilight.lt\/?post_type=product&#038;p=1838"},"modified":"2026-01-23T10:28:32","modified_gmt":"2026-01-23T08:28:32","slug":"stalinis-jurzoles-sviestuvas","status":"publish","type":"product","link":"https:\/\/balilight.lt\/?product=stalinis-jurzoles-sviestuvas","title":{"rendered":"Stalinis j\u016br\u017eol\u0117s \u0161viestuvas"},"content":{"rendered":"<p>Stalinis j\u016br\u017eol\u0117s \u0161viestuvas, labai gra\u017eiai, tvarkingai pagamintas.<br \/>\nKilm\u0117s \u0161alys &#8211; Balis, Indonezija.<\/p>\n","protected":false},"excerpt":{"rendered":"<p>Stalinis j\u016br\u017eol\u0117s \u0161viestuvas, labai gra\u017eiai, tvarkingai pagamintas. Kilm\u0117s \u0161alys &#8211; Balis, Indonezija.<\/p>\n","protected":false},"featured_media":1839,"template":"","meta":[],"product_brand":[],"product_cat":[31,19],"product_tag":[],"class_list":{"0":"post-1838","1":"product","2":"type-product","3":"status-publish","4":"has-post-thumbnail","6":"product_cat-staliniai-sviestuvai-ir-torserai","7":"product_cat-sviestuvai-tikmedzio-boho-ratano","9":"first","10":"instock","11":"sale","12":"taxable","13":"shipping-taxable","14":"purchasable","15":"product-type-simple"},"_links":{"self":[{"href":"https:\/\/balilight.lt\/index.php?rest_route=\/wp\/v2\/product\/1838","targetHints":{"allow":["GET"]}}],"collection":[{"href":"https:\/\/balilight.lt\/index.php?rest_route=\/wp\/v2\/product"}],"about":[{"href":"https:\/\/balilight.lt\/index.php?rest_route=\/wp\/v2\/types\/product"}],"wp:featuredmedia":[{"embeddable":true,"href":"https:\/\/balilight.lt\/index.php?rest_route=\/wp\/v2\/media\/1839"}],"wp:attachment":[{"href":"https:\/\/balilight.lt\/index.php?rest_route=%2Fwp%2Fv2%2Fmedia&parent=1838"}],"wp:term":[{"taxonomy":"product_brand","embeddable":true,"href":"https:\/\/balilight.lt\/index.php?rest_route=%2Fwp%2Fv2%2Fproduct_brand&post=1838"},{"taxonomy":"product_cat","embeddable":true,"href":"https:\/\/balilight.lt\/index.php?rest_route=%2Fwp%2Fv2%2Fproduct_cat&post=1838"},{"taxonomy":"product_tag","embeddable":true,"href":"https:\/\/balilight.lt\/index.php?rest_route=%2Fwp%2Fv2%2Fproduct_tag&post=1838"}],"curies":[{"name":"wp","href":"https:\/\/api.w.org\/{rel}","templated":true}]}}