{"id":1831,"date":"2023-05-21T21:11:11","date_gmt":"2023-05-21T18:11:11","guid":{"rendered":"https:\/\/balilight.lt\/?post_type=product&#038;p=1831"},"modified":"2026-01-23T10:31:21","modified_gmt":"2026-01-23T08:31:21","slug":"sieniniai-ratano-sviestuvai","status":"publish","type":"product","link":"https:\/\/balilight.lt\/?product=sieniniai-ratano-sviestuvai","title":{"rendered":"Sieniniai ratano \u0161viestuvai"},"content":{"rendered":"<p>Labai dailus ir rankomis pagaminti ratano sieniniai \u0161viestuvai.<br \/>\nDviej\u0173 dyd\u017ei\u0173.<\/p>\n","protected":false},"excerpt":{"rendered":"<p>Labai dailus ir rankomis pagaminti ratano sieniniai \u0161viestuvai. Dviej\u0173 dyd\u017ei\u0173.<\/p>\n","protected":false},"featured_media":1834,"template":"","meta":[],"product_brand":[],"product_cat":[48,19],"product_tag":[],"class_list":{"0":"post-1831","1":"product","2":"type-product","3":"status-publish","4":"has-post-thumbnail","6":"product_cat-sienos-dekoracijos","7":"product_cat-sviestuvai-tikmedzio-boho-ratano","9":"first","10":"instock","11":"sale","12":"taxable","13":"shipping-taxable","14":"purchasable","15":"product-type-variable"},"_links":{"self":[{"href":"https:\/\/balilight.lt\/index.php?rest_route=\/wp\/v2\/product\/1831","targetHints":{"allow":["GET"]}}],"collection":[{"href":"https:\/\/balilight.lt\/index.php?rest_route=\/wp\/v2\/product"}],"about":[{"href":"https:\/\/balilight.lt\/index.php?rest_route=\/wp\/v2\/types\/product"}],"wp:featuredmedia":[{"embeddable":true,"href":"https:\/\/balilight.lt\/index.php?rest_route=\/wp\/v2\/media\/1834"}],"wp:attachment":[{"href":"https:\/\/balilight.lt\/index.php?rest_route=%2Fwp%2Fv2%2Fmedia&parent=1831"}],"wp:term":[{"taxonomy":"product_brand","embeddable":true,"href":"https:\/\/balilight.lt\/index.php?rest_route=%2Fwp%2Fv2%2Fproduct_brand&post=1831"},{"taxonomy":"product_cat","embeddable":true,"href":"https:\/\/balilight.lt\/index.php?rest_route=%2Fwp%2Fv2%2Fproduct_cat&post=1831"},{"taxonomy":"product_tag","embeddable":true,"href":"https:\/\/balilight.lt\/index.php?rest_route=%2Fwp%2Fv2%2Fproduct_tag&post=1831"}],"curies":[{"name":"wp","href":"https:\/\/api.w.org\/{rel}","templated":true}]}}