{"id":1821,"date":"2023-05-21T20:55:16","date_gmt":"2023-05-21T17:55:16","guid":{"rendered":"https:\/\/balilight.lt\/?post_type=product&#038;p=1821"},"modified":"2026-01-23T10:35:22","modified_gmt":"2026-01-23T08:35:22","slug":"tikmedzio-ir-pinto-ratano-kede","status":"publish","type":"product","link":"https:\/\/balilight.lt\/?product=tikmedzio-ir-pinto-ratano-kede","title":{"rendered":"Tikmed\u017eio ir pinto ratano k\u0117d\u0117"},"content":{"rendered":"<p>Tikmed\u017eio ir pinto ratano k\u0117d\u0117, pagaminta Balio saloje, rank\u0173 darbo.<\/p>\n","protected":false},"excerpt":{"rendered":"<p>Tikmed\u017eio ir pinto ratano k\u0117d\u0117, pagaminta Balio saloje, rank\u0173 darbo.<\/p>\n","protected":false},"featured_media":1822,"template":"","meta":[],"product_brand":[],"product_cat":[28,46],"product_tag":[],"class_list":{"0":"post-1821","1":"product","2":"type-product","3":"status-publish","4":"has-post-thumbnail","6":"product_cat-kedes","7":"product_cat-ispardavimai","9":"first","10":"instock","11":"sale","12":"taxable","13":"shipping-taxable","14":"purchasable","15":"product-type-simple"},"_links":{"self":[{"href":"https:\/\/balilight.lt\/index.php?rest_route=\/wp\/v2\/product\/1821","targetHints":{"allow":["GET"]}}],"collection":[{"href":"https:\/\/balilight.lt\/index.php?rest_route=\/wp\/v2\/product"}],"about":[{"href":"https:\/\/balilight.lt\/index.php?rest_route=\/wp\/v2\/types\/product"}],"wp:featuredmedia":[{"embeddable":true,"href":"https:\/\/balilight.lt\/index.php?rest_route=\/wp\/v2\/media\/1822"}],"wp:attachment":[{"href":"https:\/\/balilight.lt\/index.php?rest_route=%2Fwp%2Fv2%2Fmedia&parent=1821"}],"wp:term":[{"taxonomy":"product_brand","embeddable":true,"href":"https:\/\/balilight.lt\/index.php?rest_route=%2Fwp%2Fv2%2Fproduct_brand&post=1821"},{"taxonomy":"product_cat","embeddable":true,"href":"https:\/\/balilight.lt\/index.php?rest_route=%2Fwp%2Fv2%2Fproduct_cat&post=1821"},{"taxonomy":"product_tag","embeddable":true,"href":"https:\/\/balilight.lt\/index.php?rest_route=%2Fwp%2Fv2%2Fproduct_tag&post=1821"}],"curies":[{"name":"wp","href":"https:\/\/api.w.org\/{rel}","templated":true}]}}