{"id":1812,"date":"2023-05-21T20:32:48","date_gmt":"2023-05-21T17:32:48","guid":{"rendered":"https:\/\/balilight.lt\/?post_type=product&#038;p=1812"},"modified":"2026-01-25T14:25:33","modified_gmt":"2026-01-25T12:25:33","slug":"tikmedzio-ir-smulkaus-ratano-kede","status":"publish","type":"product","link":"https:\/\/balilight.lt\/?product=tikmedzio-ir-smulkaus-ratano-kede","title":{"rendered":"Tikmed\u017eio ir smulkaus ratano k\u0117d\u0117"},"content":{"rendered":"<p>Daili, patogi ir kokybi\u0161kai pagaminta tikmed\u017eio ir ratano k\u0117d\u0117.<br \/>\nPatogus atlo\u0161as ir mink\u0161ta ratano s\u0117dimoji dalys.<\/p>\n","protected":false},"excerpt":{"rendered":"<p>Daili, patogi ir kokybi\u0161kai pagaminta tikmed\u017eio ir ratano k\u0117d\u0117. Patogus atlo\u0161as ir mink\u0161ta ratano s\u0117dimoji dalys.<\/p>\n","protected":false},"featured_media":1813,"template":"","meta":[],"product_brand":[],"product_cat":[28,46],"product_tag":[],"class_list":{"0":"post-1812","1":"product","2":"type-product","3":"status-publish","4":"has-post-thumbnail","6":"product_cat-kedes","7":"product_cat-ispardavimai","8":"product_shipping_class-kurjeris","10":"first","11":"instock","12":"sale","13":"taxable","14":"shipping-taxable","15":"purchasable","16":"product-type-simple"},"_links":{"self":[{"href":"https:\/\/balilight.lt\/index.php?rest_route=\/wp\/v2\/product\/1812","targetHints":{"allow":["GET"]}}],"collection":[{"href":"https:\/\/balilight.lt\/index.php?rest_route=\/wp\/v2\/product"}],"about":[{"href":"https:\/\/balilight.lt\/index.php?rest_route=\/wp\/v2\/types\/product"}],"wp:featuredmedia":[{"embeddable":true,"href":"https:\/\/balilight.lt\/index.php?rest_route=\/wp\/v2\/media\/1813"}],"wp:attachment":[{"href":"https:\/\/balilight.lt\/index.php?rest_route=%2Fwp%2Fv2%2Fmedia&parent=1812"}],"wp:term":[{"taxonomy":"product_brand","embeddable":true,"href":"https:\/\/balilight.lt\/index.php?rest_route=%2Fwp%2Fv2%2Fproduct_brand&post=1812"},{"taxonomy":"product_cat","embeddable":true,"href":"https:\/\/balilight.lt\/index.php?rest_route=%2Fwp%2Fv2%2Fproduct_cat&post=1812"},{"taxonomy":"product_tag","embeddable":true,"href":"https:\/\/balilight.lt\/index.php?rest_route=%2Fwp%2Fv2%2Fproduct_tag&post=1812"}],"curies":[{"name":"wp","href":"https:\/\/api.w.org\/{rel}","templated":true}]}}