{"id":1806,"date":"2023-05-21T19:01:40","date_gmt":"2023-05-21T16:01:40","guid":{"rendered":"https:\/\/balilight.lt\/?post_type=product&#038;p=1806"},"modified":"2026-03-21T14:33:59","modified_gmt":"2026-03-21T12:33:59","slug":"geliu-smilkalai","status":"publish","type":"product","link":"https:\/\/balilight.lt\/?product=geliu-smilkalai","title":{"rendered":"G\u0117li\u0173 smilkalai"},"content":{"rendered":"<p>Naujas g\u0117li\u0173 kvapas.<br \/>\nDe\u017eut\u0117je 6 vnt smilkal\u0173, vien\u0105 lazdel\u0117 smilksta iki 5 val.<\/p>\n","protected":false},"excerpt":{"rendered":"<p>Naujas g\u0117li\u0173 kvapas. De\u017eut\u0117je 6 vnt smilkal\u0173, vien\u0105 lazdel\u0117 smilksta iki 5 val.<\/p>\n","protected":false},"featured_media":1807,"template":"","meta":[],"product_brand":[],"product_cat":[41,46],"product_tag":[],"class_list":{"0":"post-1806","1":"product","2":"type-product","3":"status-publish","4":"has-post-thumbnail","6":"product_cat-smilkalai-sandalmedzio-agarmedzio-medaus-geliu","7":"product_cat-ispardavimai","9":"first","10":"instock","11":"sale","12":"taxable","13":"shipping-taxable","14":"purchasable","15":"product-type-simple"},"_links":{"self":[{"href":"https:\/\/balilight.lt\/index.php?rest_route=\/wp\/v2\/product\/1806","targetHints":{"allow":["GET"]}}],"collection":[{"href":"https:\/\/balilight.lt\/index.php?rest_route=\/wp\/v2\/product"}],"about":[{"href":"https:\/\/balilight.lt\/index.php?rest_route=\/wp\/v2\/types\/product"}],"wp:featuredmedia":[{"embeddable":true,"href":"https:\/\/balilight.lt\/index.php?rest_route=\/wp\/v2\/media\/1807"}],"wp:attachment":[{"href":"https:\/\/balilight.lt\/index.php?rest_route=%2Fwp%2Fv2%2Fmedia&parent=1806"}],"wp:term":[{"taxonomy":"product_brand","embeddable":true,"href":"https:\/\/balilight.lt\/index.php?rest_route=%2Fwp%2Fv2%2Fproduct_brand&post=1806"},{"taxonomy":"product_cat","embeddable":true,"href":"https:\/\/balilight.lt\/index.php?rest_route=%2Fwp%2Fv2%2Fproduct_cat&post=1806"},{"taxonomy":"product_tag","embeddable":true,"href":"https:\/\/balilight.lt\/index.php?rest_route=%2Fwp%2Fv2%2Fproduct_tag&post=1806"}],"curies":[{"name":"wp","href":"https:\/\/api.w.org\/{rel}","templated":true}]}}