{"id":1803,"date":"2023-05-21T18:59:16","date_gmt":"2023-05-21T15:59:16","guid":{"rendered":"https:\/\/balilight.lt\/?post_type=product&#038;p=1803"},"modified":"2025-05-08T13:00:32","modified_gmt":"2025-05-08T10:00:32","slug":"smilkalai-8-h","status":"publish","type":"product","link":"https:\/\/balilight.lt\/?product=smilkalai-8-h","title":{"rendered":"Smilkalai 8 h"},"content":{"rendered":"<p>Nuostabus naujas smilkal\u0173 kvapas, viena lazdel\u0117 smilksta iki 8 val.<br \/>\nD\u0117\u017eut\u0117je 4 vnt smilkal\u0173.<\/p>\n","protected":false},"excerpt":{"rendered":"<p>Nuostabus naujas smilkal\u0173 kvapas, viena lazdel\u0117 smilksta iki 8 val. D\u0117\u017eut\u0117je 4 vnt smilkal\u0173.<\/p>\n","protected":false},"featured_media":1816,"template":"","meta":[],"product_brand":[],"product_cat":[41],"product_tag":[],"class_list":{"0":"post-1803","1":"product","2":"type-product","3":"status-publish","4":"has-post-thumbnail","6":"product_cat-smilkalai-sandalmedzio-agarmedzio-medaus-geliu","8":"first","9":"instock","10":"taxable","11":"shipping-taxable","12":"purchasable","13":"product-type-simple"},"_links":{"self":[{"href":"https:\/\/balilight.lt\/index.php?rest_route=\/wp\/v2\/product\/1803","targetHints":{"allow":["GET"]}}],"collection":[{"href":"https:\/\/balilight.lt\/index.php?rest_route=\/wp\/v2\/product"}],"about":[{"href":"https:\/\/balilight.lt\/index.php?rest_route=\/wp\/v2\/types\/product"}],"wp:featuredmedia":[{"embeddable":true,"href":"https:\/\/balilight.lt\/index.php?rest_route=\/wp\/v2\/media\/1816"}],"wp:attachment":[{"href":"https:\/\/balilight.lt\/index.php?rest_route=%2Fwp%2Fv2%2Fmedia&parent=1803"}],"wp:term":[{"taxonomy":"product_brand","embeddable":true,"href":"https:\/\/balilight.lt\/index.php?rest_route=%2Fwp%2Fv2%2Fproduct_brand&post=1803"},{"taxonomy":"product_cat","embeddable":true,"href":"https:\/\/balilight.lt\/index.php?rest_route=%2Fwp%2Fv2%2Fproduct_cat&post=1803"},{"taxonomy":"product_tag","embeddable":true,"href":"https:\/\/balilight.lt\/index.php?rest_route=%2Fwp%2Fv2%2Fproduct_tag&post=1803"}],"curies":[{"name":"wp","href":"https:\/\/api.w.org\/{rel}","templated":true}]}}