{"id":1780,"date":"2023-05-21T18:20:51","date_gmt":"2023-05-21T15:20:51","guid":{"rendered":"https:\/\/balilight.lt\/?post_type=product&#038;p=1780"},"modified":"2026-02-26T15:37:31","modified_gmt":"2026-02-26T13:37:31","slug":"sviesaus-ratano-nosiniu-dezute-dekoruota-kriauklemis","status":"publish","type":"product","link":"https:\/\/balilight.lt\/?product=sviesaus-ratano-nosiniu-dezute-dekoruota-kriauklemis","title":{"rendered":"\u0160viesaus ratano nosini\u0173 d\u0117\u017eut\u0117 dekoruota kriaukl\u0117mis"},"content":{"rendered":"<p>\u0160viesaus ratano nosini\u0173 d\u0117\u017eut\u0117 dekoruota kriaukl\u0117mis.<br \/>\nplotis: 13 cm, ilgis 24 cm, auk\u0161tis 8 cm<\/p>\n","protected":false},"excerpt":{"rendered":"<p>\u0160viesaus ratano nosini\u0173 d\u0117\u017eut\u0117 dekoruota kriaukl\u0117mis. plotis: 13 cm, ilgis 24 cm, auk\u0161tis 8 cm<\/p>\n","protected":false},"featured_media":1781,"template":"","meta":[],"product_brand":[],"product_cat":[33,29,43],"product_tag":[],"class_list":{"0":"post-1780","1":"product","2":"type-product","3":"status-publish","4":"has-post-thumbnail","6":"product_cat-dekoro-detales","7":"product_cat-interjero-detales","8":"product_cat-vonios-aksesuarai","10":"first","11":"instock","12":"sale","13":"taxable","14":"shipping-taxable","15":"purchasable","16":"product-type-simple"},"_links":{"self":[{"href":"https:\/\/balilight.lt\/index.php?rest_route=\/wp\/v2\/product\/1780","targetHints":{"allow":["GET"]}}],"collection":[{"href":"https:\/\/balilight.lt\/index.php?rest_route=\/wp\/v2\/product"}],"about":[{"href":"https:\/\/balilight.lt\/index.php?rest_route=\/wp\/v2\/types\/product"}],"wp:featuredmedia":[{"embeddable":true,"href":"https:\/\/balilight.lt\/index.php?rest_route=\/wp\/v2\/media\/1781"}],"wp:attachment":[{"href":"https:\/\/balilight.lt\/index.php?rest_route=%2Fwp%2Fv2%2Fmedia&parent=1780"}],"wp:term":[{"taxonomy":"product_brand","embeddable":true,"href":"https:\/\/balilight.lt\/index.php?rest_route=%2Fwp%2Fv2%2Fproduct_brand&post=1780"},{"taxonomy":"product_cat","embeddable":true,"href":"https:\/\/balilight.lt\/index.php?rest_route=%2Fwp%2Fv2%2Fproduct_cat&post=1780"},{"taxonomy":"product_tag","embeddable":true,"href":"https:\/\/balilight.lt\/index.php?rest_route=%2Fwp%2Fv2%2Fproduct_tag&post=1780"}],"curies":[{"name":"wp","href":"https:\/\/api.w.org\/{rel}","templated":true}]}}