{"id":1769,"date":"2023-05-21T18:08:45","date_gmt":"2023-05-21T15:08:45","guid":{"rendered":"https:\/\/balilight.lt\/?post_type=product&#038;p=1769"},"modified":"2026-01-25T12:54:48","modified_gmt":"2026-01-25T10:54:48","slug":"kriaukliu-nosiniu-dezute","status":"publish","type":"product","link":"https:\/\/balilight.lt\/?product=kriaukliu-nosiniu-dezute","title":{"rendered":"Kriaukli\u0173 nosini\u0173 d\u0117\u017eut\u0117"},"content":{"rendered":"<p>Kriaukli\u0173 nosini\u0173 d\u0117\u017eut\u0117<br \/>\nplotis: 13 cm, ilgis 24, 5cm, auk\u0161tis 8 cm<\/p>\n","protected":false},"excerpt":{"rendered":"<p>Kriaukli\u0173 nosini\u0173 d\u0117\u017eut\u0117 plotis: 13 cm, ilgis 24, 5cm, auk\u0161tis 8 cm<\/p>\n","protected":false},"featured_media":1770,"template":"","meta":[],"product_brand":[],"product_cat":[43,33],"product_tag":[],"class_list":{"0":"post-1769","1":"product","2":"type-product","3":"status-publish","4":"has-post-thumbnail","6":"product_cat-vonios-aksesuarai","7":"product_cat-dekoro-detales","9":"first","10":"instock","11":"sale","12":"taxable","13":"shipping-taxable","14":"purchasable","15":"product-type-simple"},"_links":{"self":[{"href":"https:\/\/balilight.lt\/index.php?rest_route=\/wp\/v2\/product\/1769","targetHints":{"allow":["GET"]}}],"collection":[{"href":"https:\/\/balilight.lt\/index.php?rest_route=\/wp\/v2\/product"}],"about":[{"href":"https:\/\/balilight.lt\/index.php?rest_route=\/wp\/v2\/types\/product"}],"wp:featuredmedia":[{"embeddable":true,"href":"https:\/\/balilight.lt\/index.php?rest_route=\/wp\/v2\/media\/1770"}],"wp:attachment":[{"href":"https:\/\/balilight.lt\/index.php?rest_route=%2Fwp%2Fv2%2Fmedia&parent=1769"}],"wp:term":[{"taxonomy":"product_brand","embeddable":true,"href":"https:\/\/balilight.lt\/index.php?rest_route=%2Fwp%2Fv2%2Fproduct_brand&post=1769"},{"taxonomy":"product_cat","embeddable":true,"href":"https:\/\/balilight.lt\/index.php?rest_route=%2Fwp%2Fv2%2Fproduct_cat&post=1769"},{"taxonomy":"product_tag","embeddable":true,"href":"https:\/\/balilight.lt\/index.php?rest_route=%2Fwp%2Fv2%2Fproduct_tag&post=1769"}],"curies":[{"name":"wp","href":"https:\/\/api.w.org\/{rel}","templated":true}]}}