{"id":1762,"date":"2023-05-21T17:53:24","date_gmt":"2023-05-21T14:53:24","guid":{"rendered":"https:\/\/balilight.lt\/?post_type=product&#038;p=1762"},"modified":"2026-01-25T12:55:15","modified_gmt":"2026-01-25T10:55:15","slug":"sienos-dekoracija-bananu-gele","status":"publish","type":"product","link":"https:\/\/balilight.lt\/?product=sienos-dekoracija-bananu-gele","title":{"rendered":"Sienos dekoracija Banan\u0173 g\u0117l\u0117"},"content":{"rendered":"<p>Sienos dekoracija Banan\u0173 g\u0117l\u0117, pagaminta Balio saloje, i\u0161 nat\u016brali\u0173 banan\u0173 lap\u0173.<\/p>\n","protected":false},"excerpt":{"rendered":"<p>Sienos dekoracija Banan\u0173 g\u0117l\u0117, pagaminta Balio saloje, i\u0161 nat\u016brali\u0173 banan\u0173 lap\u0173.<\/p>\n","protected":false},"featured_media":1763,"template":"","meta":[],"product_brand":[],"product_cat":[48,33,29],"product_tag":[],"class_list":{"0":"post-1762","1":"product","2":"type-product","3":"status-publish","4":"has-post-thumbnail","6":"product_cat-sienos-dekoracijos","7":"product_cat-dekoro-detales","8":"product_cat-interjero-detales","10":"first","11":"instock","12":"sale","13":"taxable","14":"shipping-taxable","15":"purchasable","16":"product-type-simple"},"_links":{"self":[{"href":"https:\/\/balilight.lt\/index.php?rest_route=\/wp\/v2\/product\/1762","targetHints":{"allow":["GET"]}}],"collection":[{"href":"https:\/\/balilight.lt\/index.php?rest_route=\/wp\/v2\/product"}],"about":[{"href":"https:\/\/balilight.lt\/index.php?rest_route=\/wp\/v2\/types\/product"}],"wp:featuredmedia":[{"embeddable":true,"href":"https:\/\/balilight.lt\/index.php?rest_route=\/wp\/v2\/media\/1763"}],"wp:attachment":[{"href":"https:\/\/balilight.lt\/index.php?rest_route=%2Fwp%2Fv2%2Fmedia&parent=1762"}],"wp:term":[{"taxonomy":"product_brand","embeddable":true,"href":"https:\/\/balilight.lt\/index.php?rest_route=%2Fwp%2Fv2%2Fproduct_brand&post=1762"},{"taxonomy":"product_cat","embeddable":true,"href":"https:\/\/balilight.lt\/index.php?rest_route=%2Fwp%2Fv2%2Fproduct_cat&post=1762"},{"taxonomy":"product_tag","embeddable":true,"href":"https:\/\/balilight.lt\/index.php?rest_route=%2Fwp%2Fv2%2Fproduct_tag&post=1762"}],"curies":[{"name":"wp","href":"https:\/\/api.w.org\/{rel}","templated":true}]}}