{"id":1757,"date":"2023-05-20T15:40:02","date_gmt":"2023-05-20T12:40:02","guid":{"rendered":"https:\/\/balilight.lt\/?post_type=product&#038;p=1757"},"modified":"2026-01-25T12:55:28","modified_gmt":"2026-01-25T10:55:28","slug":"sienos-dekoracija-zvejo-tinklas","status":"publish","type":"product","link":"https:\/\/balilight.lt\/?product=sienos-dekoracija-zvejo-tinklas","title":{"rendered":"Sienos dekoracija \u017dvejo tinklas"},"content":{"rendered":"<p>Sienos dekoracija \u017dvejo tinklas. Pagaminta i\u0161 nat\u016bralios j\u016br\u017eol\u0117s, supinta rankomis Balio saloje.<\/p>\n","protected":false},"excerpt":{"rendered":"<p>Sienos dekoracija \u017dvejo tinklas. Pagaminta i\u0161 nat\u016bralios j\u016br\u017eol\u0117s, supinta rankomis Balio saloje.<\/p>\n","protected":false},"featured_media":1758,"template":"","meta":[],"product_brand":[],"product_cat":[48,33,29],"product_tag":[],"class_list":{"0":"post-1757","1":"product","2":"type-product","3":"status-publish","4":"has-post-thumbnail","6":"product_cat-sienos-dekoracijos","7":"product_cat-dekoro-detales","8":"product_cat-interjero-detales","10":"first","11":"instock","12":"sale","13":"taxable","14":"shipping-taxable","15":"purchasable","16":"product-type-simple"},"_links":{"self":[{"href":"https:\/\/balilight.lt\/index.php?rest_route=\/wp\/v2\/product\/1757","targetHints":{"allow":["GET"]}}],"collection":[{"href":"https:\/\/balilight.lt\/index.php?rest_route=\/wp\/v2\/product"}],"about":[{"href":"https:\/\/balilight.lt\/index.php?rest_route=\/wp\/v2\/types\/product"}],"wp:featuredmedia":[{"embeddable":true,"href":"https:\/\/balilight.lt\/index.php?rest_route=\/wp\/v2\/media\/1758"}],"wp:attachment":[{"href":"https:\/\/balilight.lt\/index.php?rest_route=%2Fwp%2Fv2%2Fmedia&parent=1757"}],"wp:term":[{"taxonomy":"product_brand","embeddable":true,"href":"https:\/\/balilight.lt\/index.php?rest_route=%2Fwp%2Fv2%2Fproduct_brand&post=1757"},{"taxonomy":"product_cat","embeddable":true,"href":"https:\/\/balilight.lt\/index.php?rest_route=%2Fwp%2Fv2%2Fproduct_cat&post=1757"},{"taxonomy":"product_tag","embeddable":true,"href":"https:\/\/balilight.lt\/index.php?rest_route=%2Fwp%2Fv2%2Fproduct_tag&post=1757"}],"curies":[{"name":"wp","href":"https:\/\/api.w.org\/{rel}","templated":true}]}}