{"id":1743,"date":"2023-05-20T14:36:12","date_gmt":"2023-05-20T11:36:12","guid":{"rendered":"https:\/\/balilight.lt\/?post_type=product&#038;p=1743"},"modified":"2023-05-20T14:36:13","modified_gmt":"2023-05-20T11:36:13","slug":"ratano-padeklai","status":"publish","type":"product","link":"https:\/\/balilight.lt\/?product=ratano-padeklai","title":{"rendered":"Ratano pad\u0117klai"},"content":{"rendered":"<p>Ratano pad\u0117klai, labai gra\u017eus ir kruop\u0161tus rank\u0173 darbas. Pagaminta Balio saloje.<br \/>\nTrij\u0173 skirting\u0173 dyd\u017ei\u0173.<\/p>\n","protected":false},"excerpt":{"rendered":"<p>Ratano pad\u0117klai, labai gra\u017eus ir kruop\u0161tus rank\u0173 darbas. Pagaminta Balio saloje. Trij\u0173 skirting\u0173 dyd\u017ei\u0173.<\/p>\n","protected":false},"featured_media":1744,"template":"","meta":[],"product_brand":[],"product_cat":[33,29],"product_tag":[],"class_list":{"0":"post-1743","1":"product","2":"type-product","3":"status-publish","4":"has-post-thumbnail","6":"product_cat-dekoro-detales","7":"product_cat-interjero-detales","9":"first","10":"instock","11":"taxable","12":"shipping-taxable","13":"purchasable","14":"product-type-variable"},"_links":{"self":[{"href":"https:\/\/balilight.lt\/index.php?rest_route=\/wp\/v2\/product\/1743","targetHints":{"allow":["GET"]}}],"collection":[{"href":"https:\/\/balilight.lt\/index.php?rest_route=\/wp\/v2\/product"}],"about":[{"href":"https:\/\/balilight.lt\/index.php?rest_route=\/wp\/v2\/types\/product"}],"wp:featuredmedia":[{"embeddable":true,"href":"https:\/\/balilight.lt\/index.php?rest_route=\/wp\/v2\/media\/1744"}],"wp:attachment":[{"href":"https:\/\/balilight.lt\/index.php?rest_route=%2Fwp%2Fv2%2Fmedia&parent=1743"}],"wp:term":[{"taxonomy":"product_brand","embeddable":true,"href":"https:\/\/balilight.lt\/index.php?rest_route=%2Fwp%2Fv2%2Fproduct_brand&post=1743"},{"taxonomy":"product_cat","embeddable":true,"href":"https:\/\/balilight.lt\/index.php?rest_route=%2Fwp%2Fv2%2Fproduct_cat&post=1743"},{"taxonomy":"product_tag","embeddable":true,"href":"https:\/\/balilight.lt\/index.php?rest_route=%2Fwp%2Fv2%2Fproduct_tag&post=1743"}],"curies":[{"name":"wp","href":"https:\/\/api.w.org\/{rel}","templated":true}]}}