{"id":1728,"date":"2023-05-20T14:18:38","date_gmt":"2023-05-20T11:18:38","guid":{"rendered":"https:\/\/balilight.lt\/?post_type=product&#038;p=1728"},"modified":"2024-12-16T20:35:25","modified_gmt":"2024-12-16T18:35:25","slug":"sienos-dekoracija-lekstes-2","status":"publish","type":"product","link":"https:\/\/balilight.lt\/?product=sienos-dekoracija-lekstes-2","title":{"rendered":"Sienos dekoracija L\u0117k\u0161t\u0117s"},"content":{"rendered":"<p>Sienos dekoracija L\u0117k\u0161t\u0117s, i\u0161 nat\u016bralaus ratano. Pagaminta Balio saloje.<br \/>\nTrij\u0173 dyd\u017ei\u0173: 60 cm, 50 cm, 40 cm skersmens<\/p>\n","protected":false},"excerpt":{"rendered":"<p>Sienos dekoracija L\u0117k\u0161t\u0117s, i\u0161 nat\u016bralaus ratano. Pagaminta Balio saloje. Trij\u0173 dyd\u017ei\u0173: 60 cm, 50 cm, 40 cm skersmens<\/p>\n","protected":false},"featured_media":1729,"template":"","meta":[],"product_brand":[],"product_cat":[48,33,29],"product_tag":[],"class_list":{"0":"post-1728","1":"product","2":"type-product","3":"status-publish","4":"has-post-thumbnail","6":"product_cat-sienos-dekoracijos","7":"product_cat-dekoro-detales","8":"product_cat-interjero-detales","10":"first","11":"instock","12":"taxable","13":"shipping-taxable","14":"purchasable","15":"product-type-variable"},"_links":{"self":[{"href":"https:\/\/balilight.lt\/index.php?rest_route=\/wp\/v2\/product\/1728","targetHints":{"allow":["GET"]}}],"collection":[{"href":"https:\/\/balilight.lt\/index.php?rest_route=\/wp\/v2\/product"}],"about":[{"href":"https:\/\/balilight.lt\/index.php?rest_route=\/wp\/v2\/types\/product"}],"wp:featuredmedia":[{"embeddable":true,"href":"https:\/\/balilight.lt\/index.php?rest_route=\/wp\/v2\/media\/1729"}],"wp:attachment":[{"href":"https:\/\/balilight.lt\/index.php?rest_route=%2Fwp%2Fv2%2Fmedia&parent=1728"}],"wp:term":[{"taxonomy":"product_brand","embeddable":true,"href":"https:\/\/balilight.lt\/index.php?rest_route=%2Fwp%2Fv2%2Fproduct_brand&post=1728"},{"taxonomy":"product_cat","embeddable":true,"href":"https:\/\/balilight.lt\/index.php?rest_route=%2Fwp%2Fv2%2Fproduct_cat&post=1728"},{"taxonomy":"product_tag","embeddable":true,"href":"https:\/\/balilight.lt\/index.php?rest_route=%2Fwp%2Fv2%2Fproduct_tag&post=1728"}],"curies":[{"name":"wp","href":"https:\/\/api.w.org\/{rel}","templated":true}]}}