{"id":1720,"date":"2023-05-20T13:18:23","date_gmt":"2023-05-20T10:18:23","guid":{"rendered":"https:\/\/balilight.lt\/?post_type=product&#038;p=1720"},"modified":"2023-05-20T13:18:23","modified_gmt":"2023-05-20T10:18:23","slug":"sienos-dekoracija-jurzoles-pynes","status":"publish","type":"product","link":"https:\/\/balilight.lt\/?product=sienos-dekoracija-jurzoles-pynes","title":{"rendered":"Sienos dekoracija J\u016br\u017eol\u0117s pynes"},"content":{"rendered":"<p>Sienos dekoracija i\u0161 j\u016br\u017eol\u0117s, labai dailus ir kruop\u0161tus rank\u0173 darbas.<br \/>\nPagaminta Balio saloje.<br \/>\nTrij\u0173 dyd\u017ei\u0173 : 60 cm, 50 cm, 40 cm<\/p>\n","protected":false},"excerpt":{"rendered":"<p>Sienos dekoracija i\u0161 j\u016br\u017eol\u0117s, labai dailus ir kruop\u0161tus rank\u0173 darbas. Pagaminta Balio saloje. Trij\u0173 dyd\u017ei\u0173 : 60 cm, 50 cm, 40 cm<\/p>\n","protected":false},"featured_media":1721,"template":"","meta":[],"product_brand":[],"product_cat":[48,33,29],"product_tag":[],"class_list":{"0":"post-1720","1":"product","2":"type-product","3":"status-publish","4":"has-post-thumbnail","6":"product_cat-sienos-dekoracijos","7":"product_cat-dekoro-detales","8":"product_cat-interjero-detales","10":"first","11":"instock","12":"taxable","13":"shipping-taxable","14":"purchasable","15":"product-type-variable"},"_links":{"self":[{"href":"https:\/\/balilight.lt\/index.php?rest_route=\/wp\/v2\/product\/1720","targetHints":{"allow":["GET"]}}],"collection":[{"href":"https:\/\/balilight.lt\/index.php?rest_route=\/wp\/v2\/product"}],"about":[{"href":"https:\/\/balilight.lt\/index.php?rest_route=\/wp\/v2\/types\/product"}],"wp:featuredmedia":[{"embeddable":true,"href":"https:\/\/balilight.lt\/index.php?rest_route=\/wp\/v2\/media\/1721"}],"wp:attachment":[{"href":"https:\/\/balilight.lt\/index.php?rest_route=%2Fwp%2Fv2%2Fmedia&parent=1720"}],"wp:term":[{"taxonomy":"product_brand","embeddable":true,"href":"https:\/\/balilight.lt\/index.php?rest_route=%2Fwp%2Fv2%2Fproduct_brand&post=1720"},{"taxonomy":"product_cat","embeddable":true,"href":"https:\/\/balilight.lt\/index.php?rest_route=%2Fwp%2Fv2%2Fproduct_cat&post=1720"},{"taxonomy":"product_tag","embeddable":true,"href":"https:\/\/balilight.lt\/index.php?rest_route=%2Fwp%2Fv2%2Fproduct_tag&post=1720"}],"curies":[{"name":"wp","href":"https:\/\/api.w.org\/{rel}","templated":true}]}}