{"id":1712,"date":"2023-05-20T12:57:39","date_gmt":"2023-05-20T09:57:39","guid":{"rendered":"https:\/\/balilight.lt\/?post_type=product&#038;p=1712"},"modified":"2026-01-25T13:03:04","modified_gmt":"2026-01-25T11:03:04","slug":"sienine-dekoracija-sviestuvas","status":"publish","type":"product","link":"https:\/\/balilight.lt\/?product=sienine-dekoracija-sviestuvas","title":{"rendered":"Sienin\u0117 dekoracija &#8211; \u0161viestuvas"},"content":{"rendered":"<p>Sienin\u0117 dekoracija &#8211; \u0161viestuvas i\u0161 nat\u016bralaus ratano. Gali b\u016bti naudojami kaip sieniai \u0161viestuvai.<br \/>\nTrij\u0173 dyd\u017ei\u0173.<\/p>\n","protected":false},"excerpt":{"rendered":"<p>Sienin\u0117 dekoracija &#8211; \u0161viestuvas i\u0161 nat\u016bralaus ratano. Gali b\u016bti naudojami kaip sieniai \u0161viestuvai. Trij\u0173 dyd\u017ei\u0173.<\/p>\n","protected":false},"featured_media":1713,"template":"","meta":[],"product_brand":[],"product_cat":[48,33,29,46],"product_tag":[],"class_list":{"0":"post-1712","1":"product","2":"type-product","3":"status-publish","4":"has-post-thumbnail","6":"product_cat-sienos-dekoracijos","7":"product_cat-dekoro-detales","8":"product_cat-interjero-detales","9":"product_cat-ispardavimai","11":"first","12":"instock","13":"sale","14":"taxable","15":"shipping-taxable","16":"purchasable","17":"product-type-variable"},"_links":{"self":[{"href":"https:\/\/balilight.lt\/index.php?rest_route=\/wp\/v2\/product\/1712","targetHints":{"allow":["GET"]}}],"collection":[{"href":"https:\/\/balilight.lt\/index.php?rest_route=\/wp\/v2\/product"}],"about":[{"href":"https:\/\/balilight.lt\/index.php?rest_route=\/wp\/v2\/types\/product"}],"wp:featuredmedia":[{"embeddable":true,"href":"https:\/\/balilight.lt\/index.php?rest_route=\/wp\/v2\/media\/1713"}],"wp:attachment":[{"href":"https:\/\/balilight.lt\/index.php?rest_route=%2Fwp%2Fv2%2Fmedia&parent=1712"}],"wp:term":[{"taxonomy":"product_brand","embeddable":true,"href":"https:\/\/balilight.lt\/index.php?rest_route=%2Fwp%2Fv2%2Fproduct_brand&post=1712"},{"taxonomy":"product_cat","embeddable":true,"href":"https:\/\/balilight.lt\/index.php?rest_route=%2Fwp%2Fv2%2Fproduct_cat&post=1712"},{"taxonomy":"product_tag","embeddable":true,"href":"https:\/\/balilight.lt\/index.php?rest_route=%2Fwp%2Fv2%2Fproduct_tag&post=1712"}],"curies":[{"name":"wp","href":"https:\/\/api.w.org\/{rel}","templated":true}]}}