{"id":1703,"date":"2023-05-20T12:01:21","date_gmt":"2023-05-20T09:01:21","guid":{"rendered":"https:\/\/balilight.lt\/?post_type=product&#038;p=1703"},"modified":"2026-02-18T18:33:25","modified_gmt":"2026-02-18T16:33:25","slug":"sienos-dekoracija-jurzoles-plunksnos","status":"publish","type":"product","link":"https:\/\/balilight.lt\/?product=sienos-dekoracija-jurzoles-plunksnos","title":{"rendered":"Sienos dekoracij\u0105 J\u016br\u017eol\u0117s plunksnos"},"content":{"rendered":"<p>Sienos dekoracij\u0105 J\u016br\u017eol\u0117s plunksnos siuvin\u0117tos nat\u016braliom kriaukl\u0117mis, pagaminta Balio saloje.<br \/>\nI\u0161matavimai: 40&#215;55 cm<\/p>\n","protected":false},"excerpt":{"rendered":"<p>Sienos dekoracij\u0105 J\u016br\u017eol\u0117s plunksnos siuvin\u0117tos nat\u016braliom kriaukl\u0117mis, pagaminta Balio saloje. I\u0161matavimai: 40&#215;55 cm<\/p>\n","protected":false},"featured_media":1704,"template":"","meta":[],"product_brand":[],"product_cat":[33,29,48],"product_tag":[],"class_list":{"0":"post-1703","1":"product","2":"type-product","3":"status-publish","4":"has-post-thumbnail","6":"product_cat-dekoro-detales","7":"product_cat-interjero-detales","8":"product_cat-sienos-dekoracijos","10":"first","11":"instock","12":"sale","13":"taxable","14":"shipping-taxable","15":"purchasable","16":"product-type-simple"},"_links":{"self":[{"href":"https:\/\/balilight.lt\/index.php?rest_route=\/wp\/v2\/product\/1703","targetHints":{"allow":["GET"]}}],"collection":[{"href":"https:\/\/balilight.lt\/index.php?rest_route=\/wp\/v2\/product"}],"about":[{"href":"https:\/\/balilight.lt\/index.php?rest_route=\/wp\/v2\/types\/product"}],"wp:featuredmedia":[{"embeddable":true,"href":"https:\/\/balilight.lt\/index.php?rest_route=\/wp\/v2\/media\/1704"}],"wp:attachment":[{"href":"https:\/\/balilight.lt\/index.php?rest_route=%2Fwp%2Fv2%2Fmedia&parent=1703"}],"wp:term":[{"taxonomy":"product_brand","embeddable":true,"href":"https:\/\/balilight.lt\/index.php?rest_route=%2Fwp%2Fv2%2Fproduct_brand&post=1703"},{"taxonomy":"product_cat","embeddable":true,"href":"https:\/\/balilight.lt\/index.php?rest_route=%2Fwp%2Fv2%2Fproduct_cat&post=1703"},{"taxonomy":"product_tag","embeddable":true,"href":"https:\/\/balilight.lt\/index.php?rest_route=%2Fwp%2Fv2%2Fproduct_tag&post=1703"}],"curies":[{"name":"wp","href":"https:\/\/api.w.org\/{rel}","templated":true}]}}