{"id":1687,"date":"2023-05-19T18:37:18","date_gmt":"2023-05-19T15:37:18","guid":{"rendered":"https:\/\/balilight.lt\/?post_type=product&#038;p=1687"},"modified":"2026-01-25T12:57:33","modified_gmt":"2026-01-25T10:57:33","slug":"kriaukliu-dubeneliai","status":"publish","type":"product","link":"https:\/\/balilight.lt\/?product=kriaukliu-dubeneliai","title":{"rendered":"Kriaukli\u0173 duben\u0117liai"},"content":{"rendered":"<p>Kriaukli\u0173 duben\u0117liai, gali b\u016bti naudojama kaip papuo\u0161al\u0173 indas arba kaip muilin\u0117.<\/p>\n","protected":false},"excerpt":{"rendered":"<p>Kriaukli\u0173 duben\u0117liai, gali b\u016bti naudojama kaip papuo\u0161al\u0173 indas arba kaip muilin\u0117.<\/p>\n","protected":false},"featured_media":1689,"template":"","meta":[],"product_brand":[],"product_cat":[33,29],"product_tag":[],"class_list":{"0":"post-1687","1":"product","2":"type-product","3":"status-publish","4":"has-post-thumbnail","6":"product_cat-dekoro-detales","7":"product_cat-interjero-detales","9":"first","10":"instock","11":"sale","12":"taxable","13":"shipping-taxable","14":"purchasable","15":"product-type-simple"},"_links":{"self":[{"href":"https:\/\/balilight.lt\/index.php?rest_route=\/wp\/v2\/product\/1687","targetHints":{"allow":["GET"]}}],"collection":[{"href":"https:\/\/balilight.lt\/index.php?rest_route=\/wp\/v2\/product"}],"about":[{"href":"https:\/\/balilight.lt\/index.php?rest_route=\/wp\/v2\/types\/product"}],"wp:featuredmedia":[{"embeddable":true,"href":"https:\/\/balilight.lt\/index.php?rest_route=\/wp\/v2\/media\/1689"}],"wp:attachment":[{"href":"https:\/\/balilight.lt\/index.php?rest_route=%2Fwp%2Fv2%2Fmedia&parent=1687"}],"wp:term":[{"taxonomy":"product_brand","embeddable":true,"href":"https:\/\/balilight.lt\/index.php?rest_route=%2Fwp%2Fv2%2Fproduct_brand&post=1687"},{"taxonomy":"product_cat","embeddable":true,"href":"https:\/\/balilight.lt\/index.php?rest_route=%2Fwp%2Fv2%2Fproduct_cat&post=1687"},{"taxonomy":"product_tag","embeddable":true,"href":"https:\/\/balilight.lt\/index.php?rest_route=%2Fwp%2Fv2%2Fproduct_tag&post=1687"}],"curies":[{"name":"wp","href":"https:\/\/api.w.org\/{rel}","templated":true}]}}