{"id":1684,"date":"2023-05-19T18:06:32","date_gmt":"2023-05-19T15:06:32","guid":{"rendered":"https:\/\/balilight.lt\/?post_type=product&#038;p=1684"},"modified":"2026-01-25T12:57:46","modified_gmt":"2026-01-25T10:57:46","slug":"kriaukliu-papuosalu-padekliukas","status":"publish","type":"product","link":"https:\/\/balilight.lt\/?product=kriaukliu-papuosalu-padekliukas","title":{"rendered":"Kriaukli\u0173 papuo\u0161al\u0173 pad\u0117kliukas"},"content":{"rendered":"<p>Kriaukli\u0173 papuo\u0161al\u0173 pad\u0117kliukas arba gali b\u016bti naudojama kaip muilin\u0117.<br \/>\nPagaminta Balio saloje.<\/p>\n","protected":false},"excerpt":{"rendered":"<p>Kriaukli\u0173 papuo\u0161al\u0173 pad\u0117kliukas arba gali b\u016bti naudojama kaip muilin\u0117. Pagaminta Balio saloje.<\/p>\n","protected":false},"featured_media":1685,"template":"","meta":[],"product_brand":[],"product_cat":[33,29,43],"product_tag":[],"class_list":{"0":"post-1684","1":"product","2":"type-product","3":"status-publish","4":"has-post-thumbnail","6":"product_cat-dekoro-detales","7":"product_cat-interjero-detales","8":"product_cat-vonios-aksesuarai","10":"first","11":"instock","12":"sale","13":"taxable","14":"shipping-taxable","15":"purchasable","16":"product-type-simple"},"_links":{"self":[{"href":"https:\/\/balilight.lt\/index.php?rest_route=\/wp\/v2\/product\/1684","targetHints":{"allow":["GET"]}}],"collection":[{"href":"https:\/\/balilight.lt\/index.php?rest_route=\/wp\/v2\/product"}],"about":[{"href":"https:\/\/balilight.lt\/index.php?rest_route=\/wp\/v2\/types\/product"}],"wp:featuredmedia":[{"embeddable":true,"href":"https:\/\/balilight.lt\/index.php?rest_route=\/wp\/v2\/media\/1685"}],"wp:attachment":[{"href":"https:\/\/balilight.lt\/index.php?rest_route=%2Fwp%2Fv2%2Fmedia&parent=1684"}],"wp:term":[{"taxonomy":"product_brand","embeddable":true,"href":"https:\/\/balilight.lt\/index.php?rest_route=%2Fwp%2Fv2%2Fproduct_brand&post=1684"},{"taxonomy":"product_cat","embeddable":true,"href":"https:\/\/balilight.lt\/index.php?rest_route=%2Fwp%2Fv2%2Fproduct_cat&post=1684"},{"taxonomy":"product_tag","embeddable":true,"href":"https:\/\/balilight.lt\/index.php?rest_route=%2Fwp%2Fv2%2Fproduct_tag&post=1684"}],"curies":[{"name":"wp","href":"https:\/\/api.w.org\/{rel}","templated":true}]}}