{"id":1680,"date":"2023-05-19T18:39:06","date_gmt":"2023-05-19T15:39:06","guid":{"rendered":"https:\/\/balilight.lt\/?post_type=product&#038;p=1680"},"modified":"2026-01-25T12:57:18","modified_gmt":"2026-01-25T10:57:18","slug":"naturaliu-juros-kriaukliu-ir-tikmedzio-padeklas","status":"publish","type":"product","link":"https:\/\/balilight.lt\/?product=naturaliu-juros-kriaukliu-ir-tikmedzio-padeklas","title":{"rendered":"Nat\u016brali\u0173 j\u016bros kriaukli\u0173 ir tikmed\u017eio pad\u0117klas"},"content":{"rendered":"<p>Rank\u0173 darbo nat\u016brali\u0173 j\u016bros kriaukli\u0173 ir tikmed\u017eio pad\u0117klas-l\u0117k\u0161te<br \/>\nSkersmuo 25 cm<\/p>\n","protected":false},"excerpt":{"rendered":"<p>Rank\u0173 darbo nat\u016brali\u0173 j\u016bros kriaukli\u0173 ir tikmed\u017eio pad\u0117klas-l\u0117k\u0161te Skersmuo 25 cm<\/p>\n","protected":false},"featured_media":1682,"template":"","meta":[],"product_brand":[],"product_cat":[33,29],"product_tag":[],"class_list":{"0":"post-1680","1":"product","2":"type-product","3":"status-publish","4":"has-post-thumbnail","6":"product_cat-dekoro-detales","7":"product_cat-interjero-detales","9":"first","10":"instock","11":"sale","12":"taxable","13":"shipping-taxable","14":"purchasable","15":"product-type-simple"},"_links":{"self":[{"href":"https:\/\/balilight.lt\/index.php?rest_route=\/wp\/v2\/product\/1680","targetHints":{"allow":["GET"]}}],"collection":[{"href":"https:\/\/balilight.lt\/index.php?rest_route=\/wp\/v2\/product"}],"about":[{"href":"https:\/\/balilight.lt\/index.php?rest_route=\/wp\/v2\/types\/product"}],"wp:featuredmedia":[{"embeddable":true,"href":"https:\/\/balilight.lt\/index.php?rest_route=\/wp\/v2\/media\/1682"}],"wp:attachment":[{"href":"https:\/\/balilight.lt\/index.php?rest_route=%2Fwp%2Fv2%2Fmedia&parent=1680"}],"wp:term":[{"taxonomy":"product_brand","embeddable":true,"href":"https:\/\/balilight.lt\/index.php?rest_route=%2Fwp%2Fv2%2Fproduct_brand&post=1680"},{"taxonomy":"product_cat","embeddable":true,"href":"https:\/\/balilight.lt\/index.php?rest_route=%2Fwp%2Fv2%2Fproduct_cat&post=1680"},{"taxonomy":"product_tag","embeddable":true,"href":"https:\/\/balilight.lt\/index.php?rest_route=%2Fwp%2Fv2%2Fproduct_tag&post=1680"}],"curies":[{"name":"wp","href":"https:\/\/api.w.org\/{rel}","templated":true}]}}