{"id":1667,"date":"2023-05-14T16:37:07","date_gmt":"2023-05-14T13:37:07","guid":{"rendered":"https:\/\/balilight.lt\/?post_type=product&#038;p=1667"},"modified":"2026-01-25T12:58:12","modified_gmt":"2026-01-25T10:58:12","slug":"jurzoles-padekliukas-2","status":"publish","type":"product","link":"https:\/\/balilight.lt\/?product=jurzoles-padekliukas-2","title":{"rendered":"J\u016br\u017eol\u0117s pad\u0117kliukas"},"content":{"rendered":"<p>Nat\u016bralios j\u016br\u017eol\u0117s pad\u0117kliukas.<br \/>\nPuikia tinka serviruoti po l\u0117k\u0161t\u0117mis.<br \/>\nSkersmuo 40 cm<\/p>\n","protected":false},"excerpt":{"rendered":"<p>Nat\u016bralios j\u016br\u017eol\u0117s pad\u0117kliukas. Puikia tinka serviruoti po l\u0117k\u0161t\u0117mis. Skersmuo 40 cm<\/p>\n","protected":false},"featured_media":1669,"template":"","meta":[],"product_brand":[],"product_cat":[33,29],"product_tag":[],"class_list":{"0":"post-1667","1":"product","2":"type-product","3":"status-publish","4":"has-post-thumbnail","6":"product_cat-dekoro-detales","7":"product_cat-interjero-detales","9":"first","10":"instock","11":"sale","12":"taxable","13":"shipping-taxable","14":"purchasable","15":"product-type-simple"},"_links":{"self":[{"href":"https:\/\/balilight.lt\/index.php?rest_route=\/wp\/v2\/product\/1667","targetHints":{"allow":["GET"]}}],"collection":[{"href":"https:\/\/balilight.lt\/index.php?rest_route=\/wp\/v2\/product"}],"about":[{"href":"https:\/\/balilight.lt\/index.php?rest_route=\/wp\/v2\/types\/product"}],"wp:featuredmedia":[{"embeddable":true,"href":"https:\/\/balilight.lt\/index.php?rest_route=\/wp\/v2\/media\/1669"}],"wp:attachment":[{"href":"https:\/\/balilight.lt\/index.php?rest_route=%2Fwp%2Fv2%2Fmedia&parent=1667"}],"wp:term":[{"taxonomy":"product_brand","embeddable":true,"href":"https:\/\/balilight.lt\/index.php?rest_route=%2Fwp%2Fv2%2Fproduct_brand&post=1667"},{"taxonomy":"product_cat","embeddable":true,"href":"https:\/\/balilight.lt\/index.php?rest_route=%2Fwp%2Fv2%2Fproduct_cat&post=1667"},{"taxonomy":"product_tag","embeddable":true,"href":"https:\/\/balilight.lt\/index.php?rest_route=%2Fwp%2Fv2%2Fproduct_tag&post=1667"}],"curies":[{"name":"wp","href":"https:\/\/api.w.org\/{rel}","templated":true}]}}