{"id":1661,"date":"2023-05-14T16:06:39","date_gmt":"2023-05-14T13:06:39","guid":{"rendered":"https:\/\/balilight.lt\/?post_type=product&#038;p=1661"},"modified":"2023-10-28T13:45:14","modified_gmt":"2023-10-28T10:45:14","slug":"tikmedzio-ananasai","status":"publish","type":"product","link":"https:\/\/balilight.lt\/?product=tikmedzio-ananasai","title":{"rendered":"Tikmed\u017eio ananasai"},"content":{"rendered":"<p>Ananasai yra svetingumo simbolis.<br \/>\nBalieti\u0161ki tikmed\u017eio ananasai, pagaminti rankomis, labai kruop\u0161tus dro\u017ein\u0117jimas.9<br \/>\nTrij\u0173 dyd\u017ei\u0173.<\/p>\n","protected":false},"excerpt":{"rendered":"<p>Ananasai yra svetingumo simbolis. Balieti\u0161ki tikmed\u017eio ananasai, pagaminti rankomis, labai kruop\u0161tus dro\u017ein\u0117jimas.9 Trij\u0173 dyd\u017ei\u0173.<\/p>\n","protected":false},"featured_media":1665,"template":"","meta":[],"product_brand":[],"product_cat":[33,29],"product_tag":[],"class_list":{"0":"post-1661","1":"product","2":"type-product","3":"status-publish","4":"has-post-thumbnail","6":"product_cat-dekoro-detales","7":"product_cat-interjero-detales","9":"first","10":"instock","11":"taxable","12":"shipping-taxable","13":"purchasable","14":"product-type-variable"},"_links":{"self":[{"href":"https:\/\/balilight.lt\/index.php?rest_route=\/wp\/v2\/product\/1661","targetHints":{"allow":["GET"]}}],"collection":[{"href":"https:\/\/balilight.lt\/index.php?rest_route=\/wp\/v2\/product"}],"about":[{"href":"https:\/\/balilight.lt\/index.php?rest_route=\/wp\/v2\/types\/product"}],"wp:featuredmedia":[{"embeddable":true,"href":"https:\/\/balilight.lt\/index.php?rest_route=\/wp\/v2\/media\/1665"}],"wp:attachment":[{"href":"https:\/\/balilight.lt\/index.php?rest_route=%2Fwp%2Fv2%2Fmedia&parent=1661"}],"wp:term":[{"taxonomy":"product_brand","embeddable":true,"href":"https:\/\/balilight.lt\/index.php?rest_route=%2Fwp%2Fv2%2Fproduct_brand&post=1661"},{"taxonomy":"product_cat","embeddable":true,"href":"https:\/\/balilight.lt\/index.php?rest_route=%2Fwp%2Fv2%2Fproduct_cat&post=1661"},{"taxonomy":"product_tag","embeddable":true,"href":"https:\/\/balilight.lt\/index.php?rest_route=%2Fwp%2Fv2%2Fproduct_tag&post=1661"}],"curies":[{"name":"wp","href":"https:\/\/api.w.org\/{rel}","templated":true}]}}