{"id":1655,"date":"2023-05-14T15:43:33","date_gmt":"2023-05-14T12:43:33","guid":{"rendered":"https:\/\/balilight.lt\/?post_type=product&#038;p=1655"},"modified":"2026-01-25T12:58:24","modified_gmt":"2026-01-25T10:58:24","slug":"apvali-makrame-pagalve","status":"publish","type":"product","link":"https:\/\/balilight.lt\/?product=apvali-makrame-pagalve","title":{"rendered":"Apvali makrame pagalv\u0117"},"content":{"rendered":"<p>Nuostabi balieti\u0161ka makrame pagalv\u0117, pagaminta rankomis.<br \/>\nSkersmuo 40 cm<\/p>\n","protected":false},"excerpt":{"rendered":"<p>Nuostabi balieti\u0161ka makrame pagalv\u0117, pagaminta rankomis. Skersmuo 40 cm<\/p>\n","protected":false},"featured_media":1656,"template":"","meta":[],"product_brand":[],"product_cat":[47,33],"product_tag":[],"class_list":{"0":"post-1655","1":"product","2":"type-product","3":"status-publish","4":"has-post-thumbnail","6":"product_cat-pagalveles","7":"product_cat-dekoro-detales","9":"first","10":"instock","11":"sale","12":"taxable","13":"shipping-taxable","14":"purchasable","15":"product-type-simple"},"_links":{"self":[{"href":"https:\/\/balilight.lt\/index.php?rest_route=\/wp\/v2\/product\/1655","targetHints":{"allow":["GET"]}}],"collection":[{"href":"https:\/\/balilight.lt\/index.php?rest_route=\/wp\/v2\/product"}],"about":[{"href":"https:\/\/balilight.lt\/index.php?rest_route=\/wp\/v2\/types\/product"}],"wp:featuredmedia":[{"embeddable":true,"href":"https:\/\/balilight.lt\/index.php?rest_route=\/wp\/v2\/media\/1656"}],"wp:attachment":[{"href":"https:\/\/balilight.lt\/index.php?rest_route=%2Fwp%2Fv2%2Fmedia&parent=1655"}],"wp:term":[{"taxonomy":"product_brand","embeddable":true,"href":"https:\/\/balilight.lt\/index.php?rest_route=%2Fwp%2Fv2%2Fproduct_brand&post=1655"},{"taxonomy":"product_cat","embeddable":true,"href":"https:\/\/balilight.lt\/index.php?rest_route=%2Fwp%2Fv2%2Fproduct_cat&post=1655"},{"taxonomy":"product_tag","embeddable":true,"href":"https:\/\/balilight.lt\/index.php?rest_route=%2Fwp%2Fv2%2Fproduct_tag&post=1655"}],"curies":[{"name":"wp","href":"https:\/\/api.w.org\/{rel}","templated":true}]}}