{"id":1651,"date":"2023-05-14T15:34:30","date_gmt":"2023-05-14T12:34:30","guid":{"rendered":"https:\/\/balilight.lt\/?post_type=product&#038;p=1651"},"modified":"2026-01-25T12:58:51","modified_gmt":"2026-01-25T10:58:51","slug":"drobine-kriauklemis-siuvineta-pagalve","status":"publish","type":"product","link":"https:\/\/balilight.lt\/?product=drobine-kriauklemis-siuvineta-pagalve","title":{"rendered":"Drobin\u0117 kriaukl\u0117mis siuvin\u0117ta pagalv\u0117"},"content":{"rendered":"<p>Pagaminta Balio saloje, rankomis su meil\u0117.<br \/>\nNat\u016brali balieti\u0161ka drob\u0117 ir j\u016bros kriaukl\u0117s.<\/p>\n<p>Dydis 40x40cm<\/p>\n","protected":false},"excerpt":{"rendered":"<p>Pagaminta Balio saloje, rankomis su meil\u0117. Nat\u016brali balieti\u0161ka drob\u0117 ir j\u016bros kriaukl\u0117s. Dydis 40x40cm<\/p>\n","protected":false},"featured_media":1652,"template":"","meta":[],"product_brand":[],"product_cat":[47,33],"product_tag":[],"class_list":{"0":"post-1651","1":"product","2":"type-product","3":"status-publish","4":"has-post-thumbnail","6":"product_cat-pagalveles","7":"product_cat-dekoro-detales","9":"first","10":"instock","11":"sale","12":"taxable","13":"shipping-taxable","14":"purchasable","15":"product-type-simple"},"_links":{"self":[{"href":"https:\/\/balilight.lt\/index.php?rest_route=\/wp\/v2\/product\/1651","targetHints":{"allow":["GET"]}}],"collection":[{"href":"https:\/\/balilight.lt\/index.php?rest_route=\/wp\/v2\/product"}],"about":[{"href":"https:\/\/balilight.lt\/index.php?rest_route=\/wp\/v2\/types\/product"}],"wp:featuredmedia":[{"embeddable":true,"href":"https:\/\/balilight.lt\/index.php?rest_route=\/wp\/v2\/media\/1652"}],"wp:attachment":[{"href":"https:\/\/balilight.lt\/index.php?rest_route=%2Fwp%2Fv2%2Fmedia&parent=1651"}],"wp:term":[{"taxonomy":"product_brand","embeddable":true,"href":"https:\/\/balilight.lt\/index.php?rest_route=%2Fwp%2Fv2%2Fproduct_brand&post=1651"},{"taxonomy":"product_cat","embeddable":true,"href":"https:\/\/balilight.lt\/index.php?rest_route=%2Fwp%2Fv2%2Fproduct_cat&post=1651"},{"taxonomy":"product_tag","embeddable":true,"href":"https:\/\/balilight.lt\/index.php?rest_route=%2Fwp%2Fv2%2Fproduct_tag&post=1651"}],"curies":[{"name":"wp","href":"https:\/\/api.w.org\/{rel}","templated":true}]}}