{"id":1638,"date":"2023-05-14T12:48:50","date_gmt":"2023-05-14T09:48:50","guid":{"rendered":"https:\/\/balilight.lt\/?post_type=product&#038;p=1638"},"modified":"2023-11-06T15:50:05","modified_gmt":"2023-11-06T13:50:05","slug":"tikmedzio-muilo-dozatorius","status":"publish","type":"product","link":"https:\/\/balilight.lt\/?product=tikmedzio-muilo-dozatorius","title":{"rendered":"Tikmed\u017eio muilo dozatorius"},"content":{"rendered":"<p>Nat\u016bralaus tikmed\u017eio muilo dozatorius.<br \/>\nTikmedis labai atsparus vandeniui, dr\u0117gmei, o \u0161ie dozatoriai labai lengvi ir \u0161ilti.<br \/>\nTalpa iki 200 ml<\/p>\n<p>&nbsp;<\/p>\n","protected":false},"excerpt":{"rendered":"<p>Nat\u016bralaus tikmed\u017eio muilo dozatorius. Tikmedis labai atsparus vandeniui, dr\u0117gmei, o \u0161ie dozatoriai labai lengvi ir \u0161ilti. Talpa iki 200 ml &nbsp;<\/p>\n","protected":false},"featured_media":1640,"template":"","meta":[],"product_brand":[],"product_cat":[43],"product_tag":[],"class_list":{"0":"post-1638","1":"product","2":"type-product","3":"status-publish","4":"has-post-thumbnail","6":"product_cat-vonios-aksesuarai","8":"first","9":"instock","10":"taxable","11":"shipping-taxable","12":"purchasable","13":"product-type-variable"},"_links":{"self":[{"href":"https:\/\/balilight.lt\/index.php?rest_route=\/wp\/v2\/product\/1638","targetHints":{"allow":["GET"]}}],"collection":[{"href":"https:\/\/balilight.lt\/index.php?rest_route=\/wp\/v2\/product"}],"about":[{"href":"https:\/\/balilight.lt\/index.php?rest_route=\/wp\/v2\/types\/product"}],"wp:featuredmedia":[{"embeddable":true,"href":"https:\/\/balilight.lt\/index.php?rest_route=\/wp\/v2\/media\/1640"}],"wp:attachment":[{"href":"https:\/\/balilight.lt\/index.php?rest_route=%2Fwp%2Fv2%2Fmedia&parent=1638"}],"wp:term":[{"taxonomy":"product_brand","embeddable":true,"href":"https:\/\/balilight.lt\/index.php?rest_route=%2Fwp%2Fv2%2Fproduct_brand&post=1638"},{"taxonomy":"product_cat","embeddable":true,"href":"https:\/\/balilight.lt\/index.php?rest_route=%2Fwp%2Fv2%2Fproduct_cat&post=1638"},{"taxonomy":"product_tag","embeddable":true,"href":"https:\/\/balilight.lt\/index.php?rest_route=%2Fwp%2Fv2%2Fproduct_tag&post=1638"}],"curies":[{"name":"wp","href":"https:\/\/api.w.org\/{rel}","templated":true}]}}