{"id":1333,"date":"2022-09-15T13:43:29","date_gmt":"2022-09-15T10:43:29","guid":{"rendered":"https:\/\/balilight.lt\/?post_type=product&#038;p=1333"},"modified":"2022-09-15T13:43:29","modified_gmt":"2022-09-15T10:43:29","slug":"kreminio-marmuro-muiline","status":"publish","type":"product","link":"https:\/\/balilight.lt\/?product=kreminio-marmuro-muiline","title":{"rendered":"Kreminio marmuro muilin\u0117"},"content":{"rendered":"<p>Kvadratin\u0117 kreminio marmuro muilin\u0117, pagaminta Balio saloje.<br \/>\nSpalva gali ne\u017eymiai skirtis d\u0117l marmuro unikalumo.<br \/>\nIlgis 13 cm, plotis 12 cm<\/p>\n","protected":false},"excerpt":{"rendered":"<p>Kvadratin\u0117 kreminio marmuro muilin\u0117, pagaminta Balio saloje. Spalva gali ne\u017eymiai skirtis d\u0117l marmuro unikalumo. Ilgis 13 cm, plotis 12 cm<\/p>\n","protected":false},"featured_media":1334,"template":"","meta":[],"product_brand":[],"product_cat":[43],"product_tag":[],"class_list":{"0":"post-1333","1":"product","2":"type-product","3":"status-publish","4":"has-post-thumbnail","6":"product_cat-vonios-aksesuarai","8":"first","9":"instock","10":"taxable","11":"shipping-taxable","12":"purchasable","13":"product-type-simple"},"_links":{"self":[{"href":"https:\/\/balilight.lt\/index.php?rest_route=\/wp\/v2\/product\/1333","targetHints":{"allow":["GET"]}}],"collection":[{"href":"https:\/\/balilight.lt\/index.php?rest_route=\/wp\/v2\/product"}],"about":[{"href":"https:\/\/balilight.lt\/index.php?rest_route=\/wp\/v2\/types\/product"}],"wp:featuredmedia":[{"embeddable":true,"href":"https:\/\/balilight.lt\/index.php?rest_route=\/wp\/v2\/media\/1334"}],"wp:attachment":[{"href":"https:\/\/balilight.lt\/index.php?rest_route=%2Fwp%2Fv2%2Fmedia&parent=1333"}],"wp:term":[{"taxonomy":"product_brand","embeddable":true,"href":"https:\/\/balilight.lt\/index.php?rest_route=%2Fwp%2Fv2%2Fproduct_brand&post=1333"},{"taxonomy":"product_cat","embeddable":true,"href":"https:\/\/balilight.lt\/index.php?rest_route=%2Fwp%2Fv2%2Fproduct_cat&post=1333"},{"taxonomy":"product_tag","embeddable":true,"href":"https:\/\/balilight.lt\/index.php?rest_route=%2Fwp%2Fv2%2Fproduct_tag&post=1333"}],"curies":[{"name":"wp","href":"https:\/\/api.w.org\/{rel}","templated":true}]}}