{"id":1329,"date":"2022-09-15T13:34:08","date_gmt":"2022-09-15T10:34:08","guid":{"rendered":"https:\/\/balilight.lt\/?post_type=product&#038;p=1329"},"modified":"2025-09-01T17:42:23","modified_gmt":"2025-09-01T14:42:23","slug":"upes-akmens-muilo-dozatorius","status":"publish","type":"product","link":"https:\/\/balilight.lt\/?product=upes-akmens-muilo-dozatorius","title":{"rendered":"Up\u0117s akmens muilo dozatorius"},"content":{"rendered":"<p>Unikalus up\u0117s akmens muilo dozatorius.<br \/>\nKiekvienas i\u0161 j\u0173 yra i\u0161skirtinis, nes priklauso nuo akmens kuris i\u0161traukiamas i\u0161 up\u0117s.<\/p>\n<p>Auk\u0161tis 20 cm, plotis apie 10 cm<\/p>\n","protected":false},"excerpt":{"rendered":"<p>Unikalus up\u0117s akmens muilo dozatorius. Kiekvienas i\u0161 j\u0173 yra i\u0161skirtinis, nes priklauso nuo akmens kuris i\u0161traukiamas i\u0161 up\u0117s. Auk\u0161tis 20 cm, plotis apie 10&#8230;<\/p>\n","protected":false},"featured_media":522,"template":"","meta":[],"product_brand":[],"product_cat":[43],"product_tag":[],"class_list":{"0":"post-1329","1":"product","2":"type-product","3":"status-publish","4":"has-post-thumbnail","6":"product_cat-vonios-aksesuarai","8":"first","9":"instock","10":"taxable","11":"shipping-taxable","12":"purchasable","13":"product-type-simple"},"_links":{"self":[{"href":"https:\/\/balilight.lt\/index.php?rest_route=\/wp\/v2\/product\/1329","targetHints":{"allow":["GET"]}}],"collection":[{"href":"https:\/\/balilight.lt\/index.php?rest_route=\/wp\/v2\/product"}],"about":[{"href":"https:\/\/balilight.lt\/index.php?rest_route=\/wp\/v2\/types\/product"}],"wp:featuredmedia":[{"embeddable":true,"href":"https:\/\/balilight.lt\/index.php?rest_route=\/wp\/v2\/media\/522"}],"wp:attachment":[{"href":"https:\/\/balilight.lt\/index.php?rest_route=%2Fwp%2Fv2%2Fmedia&parent=1329"}],"wp:term":[{"taxonomy":"product_brand","embeddable":true,"href":"https:\/\/balilight.lt\/index.php?rest_route=%2Fwp%2Fv2%2Fproduct_brand&post=1329"},{"taxonomy":"product_cat","embeddable":true,"href":"https:\/\/balilight.lt\/index.php?rest_route=%2Fwp%2Fv2%2Fproduct_cat&post=1329"},{"taxonomy":"product_tag","embeddable":true,"href":"https:\/\/balilight.lt\/index.php?rest_route=%2Fwp%2Fv2%2Fproduct_tag&post=1329"}],"curies":[{"name":"wp","href":"https:\/\/api.w.org\/{rel}","templated":true}]}}